{"id":8439,"date":"2017-05-23T11:12:48","date_gmt":"2017-05-23T17:12:48","guid":{"rendered":"http:\/\/lafourcadefanclub.com\/sitio\/?page_id=8439"},"modified":"2017-05-25T09:37:21","modified_gmt":"2017-05-25T15:37:21","slug":"dj-set-vol-3-2009","status":"publish","type":"page","link":"https:\/\/lafourcadefanclub.com\/sitio\/discografia\/compilaciones\/dj-set-vol-3-2009\/","title":{"rendered":"DJ Set Vol. 3 (2009)"},"content":{"rendered":"<p><a href=\"http:\/\/lafourcadefanclub.com\/sitio\/wp-content\/uploads\/2017\/05\/00-DJ-Set-Vol-3-Cover.jpg\" rel=\"attachment wp-att-8440\"><img loading=\"lazy\" src=\"http:\/\/lafourcadefanclub.com\/sitio\/wp-content\/uploads\/2017\/05\/00-DJ-Set-Vol-3-Cover.jpg\" alt=\"00-DJ Set Vol 3 [Cover]\" width=\"300\" height=\"257\" class=\"size-medium wp-image-8440\" srcset=\"https:\/\/lafourcadefanclub.com\/sitio\/wp-content\/uploads\/2017\/05\/00-DJ-Set-Vol-3-Cover.jpg 700w, https:\/\/lafourcadefanclub.com\/sitio\/wp-content\/uploads\/2017\/05\/00-DJ-Set-Vol-3-Cover-300x257.jpg 300w, https:\/\/lafourcadefanclub.com\/sitio\/wp-content\/uploads\/2017\/05\/00-DJ-Set-Vol-3-Cover-640x549.jpg 640w\" sizes=\"(max-width: 300px) 100vw, 300px\" \/><\/a><\/p>\n<p>\u00c1lbum: DJ Set Vol. 3<br \/>\nDisquera: Sony Music M\u00e9xico<br \/>\nFormato: 3 CD + DVD<br \/>\nEAN: CDXV 3349-<br \/>\nLanzamiento: 2009<br \/>\nPa\u00eds: M\u00e9xico<\/p>\n<p>CD 3<br \/>\nCursis melod\u00edas [Remix] &#8211; Natalia Lafourcade<\/p>\n<p>DVD<br \/>\nCursis melod\u00edas [Remix] &#8211; Natalia Lafourcade<\/p>\n","protected":false},"excerpt":{"rendered":"<p>\u00c1lbum: DJ Set Vol. 3 Disquera: Sony Music M\u00e9xico Formato: 3 CD + DVD EAN: CDXV 3349- Lanzamiento: 2009 Pa\u00eds: M\u00e9xico CD 3 Cursis melod\u00edas [Remix] &#8211; Natalia Lafourcade DVD Cursis melod\u00edas [Remix] &#8211; Natalia Lafourcade<\/p>\n","protected":false},"author":1,"featured_media":8440,"parent":7264,"menu_order":0,"comment_status":"closed","ping_status":"closed","template":"","meta":[],"_links":{"self":[{"href":"https:\/\/lafourcadefanclub.com\/sitio\/wp-json\/wp\/v2\/pages\/8439"}],"collection":[{"href":"https:\/\/lafourcadefanclub.com\/sitio\/wp-json\/wp\/v2\/pages"}],"about":[{"href":"https:\/\/lafourcadefanclub.com\/sitio\/wp-json\/wp\/v2\/types\/page"}],"author":[{"embeddable":true,"href":"https:\/\/lafourcadefanclub.com\/sitio\/wp-json\/wp\/v2\/users\/1"}],"replies":[{"embeddable":true,"href":"https:\/\/lafourcadefanclub.com\/sitio\/wp-json\/wp\/v2\/comments?post=8439"}],"version-history":[{"count":3,"href":"https:\/\/lafourcadefanclub.com\/sitio\/wp-json\/wp\/v2\/pages\/8439\/revisions"}],"predecessor-version":[{"id":8708,"href":"https:\/\/lafourcadefanclub.com\/sitio\/wp-json\/wp\/v2\/pages\/8439\/revisions\/8708"}],"up":[{"embeddable":true,"href":"https:\/\/lafourcadefanclub.com\/sitio\/wp-json\/wp\/v2\/pages\/7264"}],"wp:featuredmedia":[{"embeddable":true,"href":"https:\/\/lafourcadefanclub.com\/sitio\/wp-json\/wp\/v2\/media\/8440"}],"wp:attachment":[{"href":"https:\/\/lafourcadefanclub.com\/sitio\/wp-json\/wp\/v2\/media?parent=8439"}],"curies":[{"name":"wp","href":"https:\/\/api.w.org\/{rel}","templated":true}]}}