{"id":8443,"date":"2017-05-23T11:21:04","date_gmt":"2017-05-23T17:21:04","guid":{"rendered":"http:\/\/lafourcadefanclub.com\/sitio\/?page_id=8443"},"modified":"2017-05-25T09:37:30","modified_gmt":"2017-05-25T15:37:30","slug":"onix-chic-music-2007","status":"publish","type":"page","link":"https:\/\/lafourcadefanclub.com\/sitio\/discografia\/compilaciones\/onix-chic-music-2007\/","title":{"rendered":"Onix Chic Music (2007)"},"content":{"rendered":"<p><a href=\"http:\/\/lafourcadefanclub.com\/sitio\/wp-content\/uploads\/2017\/05\/00-Onix-Chic-Music-Cover.jpg\" rel=\"attachment wp-att-8445\"><img loading=\"lazy\" src=\"http:\/\/lafourcadefanclub.com\/sitio\/wp-content\/uploads\/2017\/05\/00-Onix-Chic-Music-Cover.jpg\" alt=\"00-Onix Chic Music [Cover]\" width=\"300\" height=\"257\" class=\"size-medium wp-image-8445\" srcset=\"https:\/\/lafourcadefanclub.com\/sitio\/wp-content\/uploads\/2017\/05\/00-Onix-Chic-Music-Cover.jpg 700w, https:\/\/lafourcadefanclub.com\/sitio\/wp-content\/uploads\/2017\/05\/00-Onix-Chic-Music-Cover-300x257.jpg 300w, https:\/\/lafourcadefanclub.com\/sitio\/wp-content\/uploads\/2017\/05\/00-Onix-Chic-Music-Cover-640x549.jpg 640w\" sizes=\"(max-width: 300px) 100vw, 300px\" \/><\/a><\/p>\n<p>\u00c1lbum: Onix Chic Music<br \/>\nDisquera: Sony BMG Entertainment M\u00e9xico, S.A. de C.V.<br \/>\nFormato: CD<br \/>\nEAN: 24100712<br \/>\nLanzamiento: 2007<br \/>\nPa\u00eds: M\u00e9xico<\/p>\n<p>CD<br \/>\n3. Natalia Lafourcade &#8211; Casa<\/p>\n","protected":false},"excerpt":{"rendered":"<p>\u00c1lbum: Onix Chic Music Disquera: Sony BMG Entertainment M\u00e9xico, S.A. de C.V. Formato: CD EAN: 24100712 Lanzamiento: 2007 Pa\u00eds: M\u00e9xico CD 3. Natalia Lafourcade &#8211; Casa<\/p>\n","protected":false},"author":1,"featured_media":8445,"parent":7264,"menu_order":0,"comment_status":"closed","ping_status":"closed","template":"","meta":[],"_links":{"self":[{"href":"https:\/\/lafourcadefanclub.com\/sitio\/wp-json\/wp\/v2\/pages\/8443"}],"collection":[{"href":"https:\/\/lafourcadefanclub.com\/sitio\/wp-json\/wp\/v2\/pages"}],"about":[{"href":"https:\/\/lafourcadefanclub.com\/sitio\/wp-json\/wp\/v2\/types\/page"}],"author":[{"embeddable":true,"href":"https:\/\/lafourcadefanclub.com\/sitio\/wp-json\/wp\/v2\/users\/1"}],"replies":[{"embeddable":true,"href":"https:\/\/lafourcadefanclub.com\/sitio\/wp-json\/wp\/v2\/comments?post=8443"}],"version-history":[{"count":5,"href":"https:\/\/lafourcadefanclub.com\/sitio\/wp-json\/wp\/v2\/pages\/8443\/revisions"}],"predecessor-version":[{"id":8710,"href":"https:\/\/lafourcadefanclub.com\/sitio\/wp-json\/wp\/v2\/pages\/8443\/revisions\/8710"}],"up":[{"embeddable":true,"href":"https:\/\/lafourcadefanclub.com\/sitio\/wp-json\/wp\/v2\/pages\/7264"}],"wp:featuredmedia":[{"embeddable":true,"href":"https:\/\/lafourcadefanclub.com\/sitio\/wp-json\/wp\/v2\/media\/8445"}],"wp:attachment":[{"href":"https:\/\/lafourcadefanclub.com\/sitio\/wp-json\/wp\/v2\/media?parent=8443"}],"curies":[{"name":"wp","href":"https:\/\/api.w.org\/{rel}","templated":true}]}}