{"id":8448,"date":"2017-05-23T11:29:22","date_gmt":"2017-05-23T17:29:22","guid":{"rendered":"http:\/\/lafourcadefanclub.com\/sitio\/?page_id=8448"},"modified":"2017-05-23T12:58:26","modified_gmt":"2017-05-23T18:58:26","slug":"en-el-2000-maxi-single-espana-2002","status":"publish","type":"page","link":"https:\/\/lafourcadefanclub.com\/sitio\/discografia\/sencillos\/en-el-2000-maxi-single-espana-2002\/","title":{"rendered":"En el 2000 [Maxi Single \/ Espa\u00f1a] (2002)"},"content":{"rendered":"<p><a href=\"http:\/\/lafourcadefanclub.com\/sitio\/wp-content\/uploads\/2017\/05\/EnEl2000_MaxiSingle_600.jpg\" rel=\"attachment wp-att-8449\"><img loading=\"lazy\" src=\"http:\/\/lafourcadefanclub.com\/sitio\/wp-content\/uploads\/2017\/05\/EnEl2000_MaxiSingle_600-300x262.jpg\" alt=\"EnEl2000_MaxiSingle_600\" width=\"300\" height=\"262\" class=\"size-medium wp-image-8449\" srcset=\"https:\/\/lafourcadefanclub.com\/sitio\/wp-content\/uploads\/2017\/05\/EnEl2000_MaxiSingle_600-300x262.jpg 300w, https:\/\/lafourcadefanclub.com\/sitio\/wp-content\/uploads\/2017\/05\/EnEl2000_MaxiSingle_600-640x560.jpg 640w, https:\/\/lafourcadefanclub.com\/sitio\/wp-content\/uploads\/2017\/05\/EnEl2000_MaxiSingle_600.jpg 686w\" sizes=\"(max-width: 300px) 100vw, 300px\" \/><\/a><\/p>\n<p>\u00c1lbum: En el 2000<br \/>\nDisquera: Sony Music Entertainment M\u00e9xico, S.A. de C.V.<br \/>\nFormato: CD<br \/>\nEAN: 5099767368213<br \/>\nLanzamiento: 2002<br \/>\nPa\u00eds: Espa\u00f1a<\/p>\n<p>1. En el 2000<br \/>\n2. Amarte duele<\/p>\n","protected":false},"excerpt":{"rendered":"<p>\u00c1lbum: En el 2000 Disquera: Sony Music Entertainment M\u00e9xico, S.A. de C.V. Formato: CD EAN: 5099767368213 Lanzamiento: 2002 Pa\u00eds: Espa\u00f1a 1. En el 2000 2. Amarte duele<\/p>\n","protected":false},"author":1,"featured_media":8449,"parent":8414,"menu_order":0,"comment_status":"closed","ping_status":"closed","template":"","meta":[],"_links":{"self":[{"href":"https:\/\/lafourcadefanclub.com\/sitio\/wp-json\/wp\/v2\/pages\/8448"}],"collection":[{"href":"https:\/\/lafourcadefanclub.com\/sitio\/wp-json\/wp\/v2\/pages"}],"about":[{"href":"https:\/\/lafourcadefanclub.com\/sitio\/wp-json\/wp\/v2\/types\/page"}],"author":[{"embeddable":true,"href":"https:\/\/lafourcadefanclub.com\/sitio\/wp-json\/wp\/v2\/users\/1"}],"replies":[{"embeddable":true,"href":"https:\/\/lafourcadefanclub.com\/sitio\/wp-json\/wp\/v2\/comments?post=8448"}],"version-history":[{"count":5,"href":"https:\/\/lafourcadefanclub.com\/sitio\/wp-json\/wp\/v2\/pages\/8448\/revisions"}],"predecessor-version":[{"id":8496,"href":"https:\/\/lafourcadefanclub.com\/sitio\/wp-json\/wp\/v2\/pages\/8448\/revisions\/8496"}],"up":[{"embeddable":true,"href":"https:\/\/lafourcadefanclub.com\/sitio\/wp-json\/wp\/v2\/pages\/8414"}],"wp:featuredmedia":[{"embeddable":true,"href":"https:\/\/lafourcadefanclub.com\/sitio\/wp-json\/wp\/v2\/media\/8449"}],"wp:attachment":[{"href":"https:\/\/lafourcadefanclub.com\/sitio\/wp-json\/wp\/v2\/media?parent=8448"}],"curies":[{"name":"wp","href":"https:\/\/api.w.org\/{rel}","templated":true}]}}