{"id":8463,"date":"2017-05-23T11:54:03","date_gmt":"2017-05-23T17:54:03","guid":{"rendered":"http:\/\/lafourcadefanclub.com\/sitio\/?page_id=8463"},"modified":"2017-05-23T12:59:01","modified_gmt":"2017-05-23T18:59:01","slug":"en-el-2000-cd-promocional-espana-2002","status":"publish","type":"page","link":"https:\/\/lafourcadefanclub.com\/sitio\/discografia\/sencillos\/en-el-2000-cd-promocional-espana-2002\/","title":{"rendered":"En el 2000 [CD Promocional \/ Espa\u00f1a] (2002)"},"content":{"rendered":"<p><a href=\"http:\/\/lafourcadefanclub.com\/sitio\/wp-content\/uploads\/2017\/05\/en-el-2000-single-promo-espana.jpg\" rel=\"attachment wp-att-8466\"><img loading=\"lazy\" src=\"http:\/\/lafourcadefanclub.com\/sitio\/wp-content\/uploads\/2017\/05\/en-el-2000-single-promo-espana-300x300.jpg\" alt=\"en-el-2000-single-promo-espana\" width=\"300\" height=\"300\" class=\"size-medium wp-image-8466\" srcset=\"https:\/\/lafourcadefanclub.com\/sitio\/wp-content\/uploads\/2017\/05\/en-el-2000-single-promo-espana-300x300.jpg 300w, https:\/\/lafourcadefanclub.com\/sitio\/wp-content\/uploads\/2017\/05\/en-el-2000-single-promo-espana-150x150.jpg 150w, https:\/\/lafourcadefanclub.com\/sitio\/wp-content\/uploads\/2017\/05\/en-el-2000-single-promo-espana.jpg 600w\" sizes=\"(max-width: 300px) 100vw, 300px\" \/><\/a><\/p>\n<p>\u00c1lbum: En el 2000<br \/>\nDisquera: Sony Music Entertainment (M\u00e9xico), S.A.<br \/>\nFormato: CD<br \/>\nEAN: SAMPCS 012703 1<br \/>\nLanzamiento: 2002<br \/>\nPa\u00eds: Espa\u00f1a<\/p>\n<p>1. En el 2000 (3:37)<\/p>\n","protected":false},"excerpt":{"rendered":"<p>\u00c1lbum: En el 2000 Disquera: Sony Music Entertainment (M\u00e9xico), S.A. Formato: CD EAN: SAMPCS 012703 1 Lanzamiento: 2002 Pa\u00eds: Espa\u00f1a 1. En el 2000 (3:37)<\/p>\n","protected":false},"author":1,"featured_media":8466,"parent":8414,"menu_order":0,"comment_status":"closed","ping_status":"closed","template":"","meta":[],"_links":{"self":[{"href":"https:\/\/lafourcadefanclub.com\/sitio\/wp-json\/wp\/v2\/pages\/8463"}],"collection":[{"href":"https:\/\/lafourcadefanclub.com\/sitio\/wp-json\/wp\/v2\/pages"}],"about":[{"href":"https:\/\/lafourcadefanclub.com\/sitio\/wp-json\/wp\/v2\/types\/page"}],"author":[{"embeddable":true,"href":"https:\/\/lafourcadefanclub.com\/sitio\/wp-json\/wp\/v2\/users\/1"}],"replies":[{"embeddable":true,"href":"https:\/\/lafourcadefanclub.com\/sitio\/wp-json\/wp\/v2\/comments?post=8463"}],"version-history":[{"count":4,"href":"https:\/\/lafourcadefanclub.com\/sitio\/wp-json\/wp\/v2\/pages\/8463\/revisions"}],"predecessor-version":[{"id":8498,"href":"https:\/\/lafourcadefanclub.com\/sitio\/wp-json\/wp\/v2\/pages\/8463\/revisions\/8498"}],"up":[{"embeddable":true,"href":"https:\/\/lafourcadefanclub.com\/sitio\/wp-json\/wp\/v2\/pages\/8414"}],"wp:featuredmedia":[{"embeddable":true,"href":"https:\/\/lafourcadefanclub.com\/sitio\/wp-json\/wp\/v2\/media\/8466"}],"wp:attachment":[{"href":"https:\/\/lafourcadefanclub.com\/sitio\/wp-json\/wp\/v2\/media?parent=8463"}],"curies":[{"name":"wp","href":"https:\/\/api.w.org\/{rel}","templated":true}]}}