{"id":8479,"date":"2017-05-23T12:16:54","date_gmt":"2017-05-23T18:16:54","guid":{"rendered":"http:\/\/lafourcadefanclub.com\/sitio\/?page_id=8479"},"modified":"2017-05-23T12:59:49","modified_gmt":"2017-05-23T18:59:49","slug":"busca-un-problema-cd-promocional-espana-2002","status":"publish","type":"page","link":"https:\/\/lafourcadefanclub.com\/sitio\/discografia\/sencillos\/busca-un-problema-cd-promocional-espana-2002\/","title":{"rendered":"Busca un problema [CD Promocional \/ Espa\u00f1a] (2002)"},"content":{"rendered":"<p><a href=\"http:\/\/lafourcadefanclub.com\/sitio\/wp-content\/uploads\/2017\/05\/BuscaUnProblema_Espana800.jpg\" rel=\"attachment wp-att-8480\"><img loading=\"lazy\" src=\"http:\/\/lafourcadefanclub.com\/sitio\/wp-content\/uploads\/2017\/05\/BuscaUnProblema_Espana800-300x300.jpg\" alt=\"BuscaUnProblema_Espana800\" width=\"300\" height=\"300\" class=\"size-medium wp-image-8480\" srcset=\"https:\/\/lafourcadefanclub.com\/sitio\/wp-content\/uploads\/2017\/05\/BuscaUnProblema_Espana800-300x300.jpg 300w, https:\/\/lafourcadefanclub.com\/sitio\/wp-content\/uploads\/2017\/05\/BuscaUnProblema_Espana800-150x150.jpg 150w, https:\/\/lafourcadefanclub.com\/sitio\/wp-content\/uploads\/2017\/05\/BuscaUnProblema_Espana800-768x768.jpg 768w, https:\/\/lafourcadefanclub.com\/sitio\/wp-content\/uploads\/2017\/05\/BuscaUnProblema_Espana800-640x640.jpg 640w, https:\/\/lafourcadefanclub.com\/sitio\/wp-content\/uploads\/2017\/05\/BuscaUnProblema_Espana800.jpg 800w\" sizes=\"(max-width: 300px) 100vw, 300px\" \/><\/a><\/p>\n<p>\u00c1lbum: Busca un problema<br \/>\nDisquera: Sony Music Entertainment (M\u00e9xico), S.A.<br \/>\nFormato: CD<br \/>\nEAN: SAMPCS 12979 1<br \/>\nLanzamiento: 2002<br \/>\nPa\u00eds: Espa\u00f1a<\/p>\n<p>1. Busca un problema<\/p>\n","protected":false},"excerpt":{"rendered":"<p>\u00c1lbum: Busca un problema Disquera: Sony Music Entertainment (M\u00e9xico), S.A. Formato: CD EAN: SAMPCS 12979 1 Lanzamiento: 2002 Pa\u00eds: Espa\u00f1a 1. Busca un problema<\/p>\n","protected":false},"author":1,"featured_media":8480,"parent":8414,"menu_order":0,"comment_status":"closed","ping_status":"closed","template":"","meta":[],"_links":{"self":[{"href":"https:\/\/lafourcadefanclub.com\/sitio\/wp-json\/wp\/v2\/pages\/8479"}],"collection":[{"href":"https:\/\/lafourcadefanclub.com\/sitio\/wp-json\/wp\/v2\/pages"}],"about":[{"href":"https:\/\/lafourcadefanclub.com\/sitio\/wp-json\/wp\/v2\/types\/page"}],"author":[{"embeddable":true,"href":"https:\/\/lafourcadefanclub.com\/sitio\/wp-json\/wp\/v2\/users\/1"}],"replies":[{"embeddable":true,"href":"https:\/\/lafourcadefanclub.com\/sitio\/wp-json\/wp\/v2\/comments?post=8479"}],"version-history":[{"count":2,"href":"https:\/\/lafourcadefanclub.com\/sitio\/wp-json\/wp\/v2\/pages\/8479\/revisions"}],"predecessor-version":[{"id":8501,"href":"https:\/\/lafourcadefanclub.com\/sitio\/wp-json\/wp\/v2\/pages\/8479\/revisions\/8501"}],"up":[{"embeddable":true,"href":"https:\/\/lafourcadefanclub.com\/sitio\/wp-json\/wp\/v2\/pages\/8414"}],"wp:featuredmedia":[{"embeddable":true,"href":"https:\/\/lafourcadefanclub.com\/sitio\/wp-json\/wp\/v2\/media\/8480"}],"wp:attachment":[{"href":"https:\/\/lafourcadefanclub.com\/sitio\/wp-json\/wp\/v2\/media?parent=8479"}],"curies":[{"name":"wp","href":"https:\/\/api.w.org\/{rel}","templated":true}]}}