{"id":8483,"date":"2017-05-23T12:39:16","date_gmt":"2017-05-23T18:39:16","guid":{"rendered":"http:\/\/lafourcadefanclub.com\/sitio\/?page_id=8483"},"modified":"2017-05-23T12:39:47","modified_gmt":"2017-05-23T18:39:47","slug":"busca-un-problema-cd-promocional-mexico-2002","status":"publish","type":"page","link":"https:\/\/lafourcadefanclub.com\/sitio\/discografia\/sencillos\/busca-un-problema-cd-promocional-mexico-2002\/","title":{"rendered":"Busca un problema [CD Promocional \/ M\u00e9xico] (2002)"},"content":{"rendered":"<p><a href=\"http:\/\/lafourcadefanclub.com\/sitio\/wp-content\/uploads\/2017\/05\/nl_buscaunproblema_mexico_600.jpg\" rel=\"attachment wp-att-8484\"><img loading=\"lazy\" src=\"http:\/\/lafourcadefanclub.com\/sitio\/wp-content\/uploads\/2017\/05\/nl_buscaunproblema_mexico_600-300x300.jpg\" alt=\"nl_buscaunproblema_mexico_600\" width=\"300\" height=\"300\" class=\"size-medium wp-image-8484\" srcset=\"https:\/\/lafourcadefanclub.com\/sitio\/wp-content\/uploads\/2017\/05\/nl_buscaunproblema_mexico_600-300x300.jpg 300w, https:\/\/lafourcadefanclub.com\/sitio\/wp-content\/uploads\/2017\/05\/nl_buscaunproblema_mexico_600-150x150.jpg 150w, https:\/\/lafourcadefanclub.com\/sitio\/wp-content\/uploads\/2017\/05\/nl_buscaunproblema_mexico_600.jpg 600w\" sizes=\"(max-width: 300px) 100vw, 300px\" \/><\/a><\/p>\n<p>\u00c1lbum: Busca un problema<br \/>\nDisquera: Sony Music Entertainment M\u00e9xico, S.A. de C.V.<br \/>\nFormato: CD<br \/>\nEAN: PRCD 98605<br \/>\nLanzamiento: 2002<br \/>\nPa\u00eds: M\u00e9xico<\/p>\n<p>1. Busca un problema (3:09)<\/p>\n","protected":false},"excerpt":{"rendered":"<p>\u00c1lbum: Busca un problema Disquera: Sony Music Entertainment M\u00e9xico, S.A. de C.V. Formato: CD EAN: PRCD 98605 Lanzamiento: 2002 Pa\u00eds: M\u00e9xico 1. Busca un problema (3:09)<\/p>\n","protected":false},"author":1,"featured_media":8484,"parent":8414,"menu_order":0,"comment_status":"closed","ping_status":"closed","template":"","meta":[],"_links":{"self":[{"href":"https:\/\/lafourcadefanclub.com\/sitio\/wp-json\/wp\/v2\/pages\/8483"}],"collection":[{"href":"https:\/\/lafourcadefanclub.com\/sitio\/wp-json\/wp\/v2\/pages"}],"about":[{"href":"https:\/\/lafourcadefanclub.com\/sitio\/wp-json\/wp\/v2\/types\/page"}],"author":[{"embeddable":true,"href":"https:\/\/lafourcadefanclub.com\/sitio\/wp-json\/wp\/v2\/users\/1"}],"replies":[{"embeddable":true,"href":"https:\/\/lafourcadefanclub.com\/sitio\/wp-json\/wp\/v2\/comments?post=8483"}],"version-history":[{"count":2,"href":"https:\/\/lafourcadefanclub.com\/sitio\/wp-json\/wp\/v2\/pages\/8483\/revisions"}],"predecessor-version":[{"id":8486,"href":"https:\/\/lafourcadefanclub.com\/sitio\/wp-json\/wp\/v2\/pages\/8483\/revisions\/8486"}],"up":[{"embeddable":true,"href":"https:\/\/lafourcadefanclub.com\/sitio\/wp-json\/wp\/v2\/pages\/8414"}],"wp:featuredmedia":[{"embeddable":true,"href":"https:\/\/lafourcadefanclub.com\/sitio\/wp-json\/wp\/v2\/media\/8484"}],"wp:attachment":[{"href":"https:\/\/lafourcadefanclub.com\/sitio\/wp-json\/wp\/v2\/media?parent=8483"}],"curies":[{"name":"wp","href":"https:\/\/api.w.org\/{rel}","templated":true}]}}