{"id":8502,"date":"2017-05-23T13:05:31","date_gmt":"2017-05-23T19:05:31","guid":{"rendered":"http:\/\/lafourcadefanclub.com\/sitio\/?page_id=8502"},"modified":"2017-05-23T13:07:38","modified_gmt":"2017-05-23T19:07:38","slug":"mirame-mirate-cd-promocional-mexico-2003","status":"publish","type":"page","link":"https:\/\/lafourcadefanclub.com\/sitio\/discografia\/sencillos\/mirame-mirate-cd-promocional-mexico-2003\/","title":{"rendered":"M\u00edrame, m\u00edrate [CD Promocional \/ M\u00e9xico] (2003)"},"content":{"rendered":"<p><a href=\"http:\/\/lafourcadefanclub.com\/sitio\/wp-content\/uploads\/2017\/05\/mirame-mirate.jpg\" rel=\"attachment wp-att-8503\"><img loading=\"lazy\" src=\"http:\/\/lafourcadefanclub.com\/sitio\/wp-content\/uploads\/2017\/05\/mirame-mirate-300x300.jpg\" alt=\"mirame-mirate\" width=\"300\" height=\"300\" class=\"size-medium wp-image-8503\" srcset=\"https:\/\/lafourcadefanclub.com\/sitio\/wp-content\/uploads\/2017\/05\/mirame-mirate-300x300.jpg 300w, https:\/\/lafourcadefanclub.com\/sitio\/wp-content\/uploads\/2017\/05\/mirame-mirate-150x150.jpg 150w, https:\/\/lafourcadefanclub.com\/sitio\/wp-content\/uploads\/2017\/05\/mirame-mirate.jpg 600w\" sizes=\"(max-width: 300px) 100vw, 300px\" \/><\/a><\/p>\n<p>\u00c1lbum: M\u00edrame, m\u00edrate<br \/>\nDisquera: Sony Music Entertainment M\u00e9xico, S.A. de C.V.<br \/>\nFormato: CD<br \/>\nEAN: PRCD 98873<br \/>\nLanzamiento: 2003<br \/>\nPa\u00eds: M\u00e9xico<\/p>\n<p>1. M\u00edrame, m\u00edrate (3:58)<\/p>\n","protected":false},"excerpt":{"rendered":"<p>\u00c1lbum: M\u00edrame, m\u00edrate Disquera: Sony Music Entertainment M\u00e9xico, S.A. de C.V. Formato: CD EAN: PRCD 98873 Lanzamiento: 2003 Pa\u00eds: M\u00e9xico 1. M\u00edrame, m\u00edrate (3:58)<\/p>\n","protected":false},"author":1,"featured_media":8503,"parent":8414,"menu_order":0,"comment_status":"closed","ping_status":"closed","template":"","meta":[],"_links":{"self":[{"href":"https:\/\/lafourcadefanclub.com\/sitio\/wp-json\/wp\/v2\/pages\/8502"}],"collection":[{"href":"https:\/\/lafourcadefanclub.com\/sitio\/wp-json\/wp\/v2\/pages"}],"about":[{"href":"https:\/\/lafourcadefanclub.com\/sitio\/wp-json\/wp\/v2\/types\/page"}],"author":[{"embeddable":true,"href":"https:\/\/lafourcadefanclub.com\/sitio\/wp-json\/wp\/v2\/users\/1"}],"replies":[{"embeddable":true,"href":"https:\/\/lafourcadefanclub.com\/sitio\/wp-json\/wp\/v2\/comments?post=8502"}],"version-history":[{"count":3,"href":"https:\/\/lafourcadefanclub.com\/sitio\/wp-json\/wp\/v2\/pages\/8502\/revisions"}],"predecessor-version":[{"id":8509,"href":"https:\/\/lafourcadefanclub.com\/sitio\/wp-json\/wp\/v2\/pages\/8502\/revisions\/8509"}],"up":[{"embeddable":true,"href":"https:\/\/lafourcadefanclub.com\/sitio\/wp-json\/wp\/v2\/pages\/8414"}],"wp:featuredmedia":[{"embeddable":true,"href":"https:\/\/lafourcadefanclub.com\/sitio\/wp-json\/wp\/v2\/media\/8503"}],"wp:attachment":[{"href":"https:\/\/lafourcadefanclub.com\/sitio\/wp-json\/wp\/v2\/media?parent=8502"}],"curies":[{"name":"wp","href":"https:\/\/api.w.org\/{rel}","templated":true}]}}