{"id":8530,"date":"2017-05-24T14:11:23","date_gmt":"2017-05-24T20:11:23","guid":{"rendered":"http:\/\/lafourcadefanclub.com\/sitio\/?page_id=8530"},"modified":"2017-05-24T14:24:16","modified_gmt":"2017-05-24T20:24:16","slug":"ser-humano-cd-promocional-mexico-2005","status":"publish","type":"page","link":"https:\/\/lafourcadefanclub.com\/sitio\/discografia\/sencillos\/ser-humano-cd-promocional-mexico-2005\/","title":{"rendered":"Ser humano [CD Promocional \/ M\u00e9xico] (2005)"},"content":{"rendered":"<p><a href=\"http:\/\/lafourcadefanclub.com\/sitio\/wp-content\/uploads\/2017\/05\/Ser-humano.jpg\" rel=\"attachment wp-att-8531\"><img loading=\"lazy\" src=\"http:\/\/lafourcadefanclub.com\/sitio\/wp-content\/uploads\/2017\/05\/Ser-humano-300x300.jpg\" alt=\"Ser humano\" width=\"300\" height=\"300\" class=\"size-medium wp-image-8531\" srcset=\"https:\/\/lafourcadefanclub.com\/sitio\/wp-content\/uploads\/2017\/05\/Ser-humano-300x300.jpg 300w, https:\/\/lafourcadefanclub.com\/sitio\/wp-content\/uploads\/2017\/05\/Ser-humano-150x150.jpg 150w, https:\/\/lafourcadefanclub.com\/sitio\/wp-content\/uploads\/2017\/05\/Ser-humano.jpg 600w\" sizes=\"(max-width: 300px) 100vw, 300px\" \/><\/a><\/p>\n<p>\u00c1lbum: Ser humano<br \/>\nDisquera: Sony BMG Music Entertainment M\u00e9xico, S.A. de C.V.<br \/>\nFormato: CD<br \/>\nEAN: PRCD 99247<br \/>\nLanzamiento: 2005<br \/>\nPa\u00eds: M\u00e9xico<\/p>\n<p>1. Ser humano (3:31)<\/p>\n","protected":false},"excerpt":{"rendered":"<p>\u00c1lbum: Ser humano Disquera: Sony BMG Music Entertainment M\u00e9xico, S.A. de C.V. Formato: CD EAN: PRCD 99247 Lanzamiento: 2005 Pa\u00eds: M\u00e9xico 1. Ser humano (3:31)<\/p>\n","protected":false},"author":1,"featured_media":8531,"parent":8414,"menu_order":0,"comment_status":"closed","ping_status":"closed","template":"","meta":[],"_links":{"self":[{"href":"https:\/\/lafourcadefanclub.com\/sitio\/wp-json\/wp\/v2\/pages\/8530"}],"collection":[{"href":"https:\/\/lafourcadefanclub.com\/sitio\/wp-json\/wp\/v2\/pages"}],"about":[{"href":"https:\/\/lafourcadefanclub.com\/sitio\/wp-json\/wp\/v2\/types\/page"}],"author":[{"embeddable":true,"href":"https:\/\/lafourcadefanclub.com\/sitio\/wp-json\/wp\/v2\/users\/1"}],"replies":[{"embeddable":true,"href":"https:\/\/lafourcadefanclub.com\/sitio\/wp-json\/wp\/v2\/comments?post=8530"}],"version-history":[{"count":2,"href":"https:\/\/lafourcadefanclub.com\/sitio\/wp-json\/wp\/v2\/pages\/8530\/revisions"}],"predecessor-version":[{"id":8542,"href":"https:\/\/lafourcadefanclub.com\/sitio\/wp-json\/wp\/v2\/pages\/8530\/revisions\/8542"}],"up":[{"embeddable":true,"href":"https:\/\/lafourcadefanclub.com\/sitio\/wp-json\/wp\/v2\/pages\/8414"}],"wp:featuredmedia":[{"embeddable":true,"href":"https:\/\/lafourcadefanclub.com\/sitio\/wp-json\/wp\/v2\/media\/8531"}],"wp:attachment":[{"href":"https:\/\/lafourcadefanclub.com\/sitio\/wp-json\/wp\/v2\/media?parent=8530"}],"curies":[{"name":"wp","href":"https:\/\/api.w.org\/{rel}","templated":true}]}}