{"id":8550,"date":"2017-05-24T15:35:55","date_gmt":"2017-05-24T21:35:55","guid":{"rendered":"http:\/\/lafourcadefanclub.com\/sitio\/?page_id=8550"},"modified":"2017-05-25T09:29:03","modified_gmt":"2017-05-25T15:29:03","slug":"vive-latino-2016-2016","status":"publish","type":"page","link":"https:\/\/lafourcadefanclub.com\/sitio\/discografia\/compilaciones\/vive-latino-2016-2016\/","title":{"rendered":"Vive latino 2016 (2016)"},"content":{"rendered":"<p><a href=\"http:\/\/lafourcadefanclub.com\/sitio\/wp-content\/uploads\/2017\/05\/00-Vive-Latino-2016-CD-1-Cover.jpg\" rel=\"attachment wp-att-8551\"><img loading=\"lazy\" src=\"http:\/\/lafourcadefanclub.com\/sitio\/wp-content\/uploads\/2017\/05\/00-Vive-Latino-2016-CD-1-Cover.jpg\" alt=\"00-Vive Latino 2016, CD 1 [Cover]\" width=\"300\" height=\"300\" class=\"size-medium wp-image-8551\" srcset=\"https:\/\/lafourcadefanclub.com\/sitio\/wp-content\/uploads\/2017\/05\/00-Vive-Latino-2016-CD-1-Cover.jpg 600w, https:\/\/lafourcadefanclub.com\/sitio\/wp-content\/uploads\/2017\/05\/00-Vive-Latino-2016-CD-1-Cover-300x300.jpg 300w, https:\/\/lafourcadefanclub.com\/sitio\/wp-content\/uploads\/2017\/05\/00-Vive-Latino-2016-CD-1-Cover-150x150.jpg 150w\" sizes=\"(max-width: 300px) 100vw, 300px\" \/><\/a><\/p>\n<p>\u00c1lbum: Vive Latino 2016<br \/>\nDisquera: Terr\u00edcolas Imb\u00e9ciles \/ Alternativa Representa.<br \/>\nFormato: 2 CD<br \/>\nEAN: 7509848296963<br \/>\nLanzamiento: 2016<br \/>\nPa\u00eds: M\u00e9xico<\/p>\n<p>CD 1<br \/>\n4. Natalia Lafourcade \u2013 Hasta la ra\u00edz [Album Version]<\/p>\n","protected":false},"excerpt":{"rendered":"<p>\u00c1lbum: Vive Latino 2016 Disquera: Terr\u00edcolas Imb\u00e9ciles \/ Alternativa Representa. Formato: 2 CD EAN: 7509848296963 Lanzamiento: 2016 Pa\u00eds: M\u00e9xico CD 1 4. Natalia Lafourcade \u2013 Hasta la ra\u00edz [Album Version]<\/p>\n","protected":false},"author":1,"featured_media":8551,"parent":7264,"menu_order":0,"comment_status":"closed","ping_status":"closed","template":"","meta":[],"_links":{"self":[{"href":"https:\/\/lafourcadefanclub.com\/sitio\/wp-json\/wp\/v2\/pages\/8550"}],"collection":[{"href":"https:\/\/lafourcadefanclub.com\/sitio\/wp-json\/wp\/v2\/pages"}],"about":[{"href":"https:\/\/lafourcadefanclub.com\/sitio\/wp-json\/wp\/v2\/types\/page"}],"author":[{"embeddable":true,"href":"https:\/\/lafourcadefanclub.com\/sitio\/wp-json\/wp\/v2\/users\/1"}],"replies":[{"embeddable":true,"href":"https:\/\/lafourcadefanclub.com\/sitio\/wp-json\/wp\/v2\/comments?post=8550"}],"version-history":[{"count":2,"href":"https:\/\/lafourcadefanclub.com\/sitio\/wp-json\/wp\/v2\/pages\/8550\/revisions"}],"predecessor-version":[{"id":8687,"href":"https:\/\/lafourcadefanclub.com\/sitio\/wp-json\/wp\/v2\/pages\/8550\/revisions\/8687"}],"up":[{"embeddable":true,"href":"https:\/\/lafourcadefanclub.com\/sitio\/wp-json\/wp\/v2\/pages\/7264"}],"wp:featuredmedia":[{"embeddable":true,"href":"https:\/\/lafourcadefanclub.com\/sitio\/wp-json\/wp\/v2\/media\/8551"}],"wp:attachment":[{"href":"https:\/\/lafourcadefanclub.com\/sitio\/wp-json\/wp\/v2\/media?parent=8550"}],"curies":[{"name":"wp","href":"https:\/\/api.w.org\/{rel}","templated":true}]}}