{"id":8557,"date":"2017-05-24T15:41:29","date_gmt":"2017-05-24T21:41:29","guid":{"rendered":"http:\/\/lafourcadefanclub.com\/sitio\/?page_id=8557"},"modified":"2017-05-25T09:37:45","modified_gmt":"2017-05-25T15:37:45","slug":"mujer-voz-sentimiento-2005","status":"publish","type":"page","link":"https:\/\/lafourcadefanclub.com\/sitio\/discografia\/compilaciones\/mujer-voz-sentimiento-2005\/","title":{"rendered":"Mujer&#8230;es voz y sentimiento (2005)"},"content":{"rendered":"<p><a href=\"http:\/\/lafourcadefanclub.com\/sitio\/wp-content\/uploads\/2017\/05\/00-Mujer-es-voz-y-sentimiento-Cover.jpg\" rel=\"attachment wp-att-8558\"><img loading=\"lazy\" src=\"http:\/\/lafourcadefanclub.com\/sitio\/wp-content\/uploads\/2017\/05\/00-Mujer-es-voz-y-sentimiento-Cover.jpg\" alt=\"00-Mujer es voz y sentimiento [Cover]\" width=\"300\" height=\"300\" class=\"size-medium wp-image-8558\" srcset=\"https:\/\/lafourcadefanclub.com\/sitio\/wp-content\/uploads\/2017\/05\/00-Mujer-es-voz-y-sentimiento-Cover.jpg 600w, https:\/\/lafourcadefanclub.com\/sitio\/wp-content\/uploads\/2017\/05\/00-Mujer-es-voz-y-sentimiento-Cover-300x300.jpg 300w, https:\/\/lafourcadefanclub.com\/sitio\/wp-content\/uploads\/2017\/05\/00-Mujer-es-voz-y-sentimiento-Cover-150x150.jpg 150w\" sizes=\"(max-width: 300px) 100vw, 300px\" \/><\/a><\/p>\n<p>\u00c1lbum: Mujer es&#8230;voz y sentimiento<br \/>\nDisquera: Sony BMG Music Entertainment M\u00e9xico, S.A. de C.V.<br \/>\nFormato: CD<br \/>\nEAN: 828767046921<br \/>\nLanzamiento: 2005<br \/>\nPa\u00eds: M\u00e9xico<\/p>\n<p>9. Natalia Lafourcade \u2013 Amarte duele [Original Version]<\/p>\n","protected":false},"excerpt":{"rendered":"<p>\u00c1lbum: Mujer es&#8230;voz y sentimiento Disquera: Sony BMG Music Entertainment M\u00e9xico, S.A. de C.V. Formato: CD EAN: 828767046921 Lanzamiento: 2005 Pa\u00eds: M\u00e9xico 9. Natalia Lafourcade \u2013 Amarte duele [Original Version]<\/p>\n","protected":false},"author":1,"featured_media":8558,"parent":7264,"menu_order":0,"comment_status":"closed","ping_status":"closed","template":"","meta":[],"_links":{"self":[{"href":"https:\/\/lafourcadefanclub.com\/sitio\/wp-json\/wp\/v2\/pages\/8557"}],"collection":[{"href":"https:\/\/lafourcadefanclub.com\/sitio\/wp-json\/wp\/v2\/pages"}],"about":[{"href":"https:\/\/lafourcadefanclub.com\/sitio\/wp-json\/wp\/v2\/types\/page"}],"author":[{"embeddable":true,"href":"https:\/\/lafourcadefanclub.com\/sitio\/wp-json\/wp\/v2\/users\/1"}],"replies":[{"embeddable":true,"href":"https:\/\/lafourcadefanclub.com\/sitio\/wp-json\/wp\/v2\/comments?post=8557"}],"version-history":[{"count":2,"href":"https:\/\/lafourcadefanclub.com\/sitio\/wp-json\/wp\/v2\/pages\/8557\/revisions"}],"predecessor-version":[{"id":8712,"href":"https:\/\/lafourcadefanclub.com\/sitio\/wp-json\/wp\/v2\/pages\/8557\/revisions\/8712"}],"up":[{"embeddable":true,"href":"https:\/\/lafourcadefanclub.com\/sitio\/wp-json\/wp\/v2\/pages\/7264"}],"wp:featuredmedia":[{"embeddable":true,"href":"https:\/\/lafourcadefanclub.com\/sitio\/wp-json\/wp\/v2\/media\/8558"}],"wp:attachment":[{"href":"https:\/\/lafourcadefanclub.com\/sitio\/wp-json\/wp\/v2\/media?parent=8557"}],"curies":[{"name":"wp","href":"https:\/\/api.w.org\/{rel}","templated":true}]}}