{"id":8570,"date":"2017-05-24T15:54:46","date_gmt":"2017-05-24T21:54:46","guid":{"rendered":"http:\/\/lafourcadefanclub.com\/sitio\/?page_id=8570"},"modified":"2017-05-25T09:28:56","modified_gmt":"2017-05-25T15:28:56","slug":"lo-esencial-amor-del-bueno-vol-7-2016","status":"publish","type":"page","link":"https:\/\/lafourcadefanclub.com\/sitio\/discografia\/compilaciones\/lo-esencial-amor-del-bueno-vol-7-2016\/","title":{"rendered":"Lo esencial de Amor del bueno, Vol. 7 (2016)"},"content":{"rendered":"<p><a href=\"http:\/\/lafourcadefanclub.com\/sitio\/wp-content\/uploads\/2017\/05\/00-Lo-esencial-de-Amor-del-bueno-Vol-7-Cover.jpg\" rel=\"attachment wp-att-8571\"><img loading=\"lazy\" src=\"http:\/\/lafourcadefanclub.com\/sitio\/wp-content\/uploads\/2017\/05\/00-Lo-esencial-de-Amor-del-bueno-Vol-7-Cover.jpg\" alt=\"00-Lo esencial de Amor del bueno, Vol 7 [Cover]\" width=\"300\" height=\"300\" class=\"size-medium wp-image-8571\" srcset=\"https:\/\/lafourcadefanclub.com\/sitio\/wp-content\/uploads\/2017\/05\/00-Lo-esencial-de-Amor-del-bueno-Vol-7-Cover.jpg 600w, https:\/\/lafourcadefanclub.com\/sitio\/wp-content\/uploads\/2017\/05\/00-Lo-esencial-de-Amor-del-bueno-Vol-7-Cover-300x300.jpg 300w, https:\/\/lafourcadefanclub.com\/sitio\/wp-content\/uploads\/2017\/05\/00-Lo-esencial-de-Amor-del-bueno-Vol-7-Cover-150x150.jpg 150w\" sizes=\"(max-width: 300px) 100vw, 300px\" \/><\/a><\/p>\n<p>\u00c1lbum: Lo esencial de Amor del bueno, Vol. 7<br \/>\nDisquera: Sony Music Entertainment M\u00e9xico, S.A. de C.V.<br \/>\nFormato: 3 CD + DVD<br \/>\nEAN: 888751982420<br \/>\nLanzamiento: 2016<br \/>\nPa\u00eds: M\u00e9xico<\/p>\n<p>CD 1<br \/>\n6. Natalia Lafourcade \u2013 Nunca es suficiente [Album Version]<\/p>\n<p>CD 2<br \/>\n3. Natalia Lafourcade \u2013 El amor acaba [Album Version]<\/p>\n<p>CD 3<br \/>\n7. Gilberto Santa Rosa &#038; Natalia Lafourcade \u2013 A d\u00f3nde vamos a parar [Album Version]<\/p>\n<p>DVD<br \/>\n5. Natalia Lafourcade \u2013 Nunca es suficiente [Album Version]<br \/>\n15. Gilberto Santa Rosa &#038; Natalia Lafourcade \u2013 A d\u00f3nde vamos a parar [En vivo]<\/p>\n","protected":false},"excerpt":{"rendered":"<p>\u00c1lbum: Lo esencial de Amor del bueno, Vol. 7 Disquera: Sony Music Entertainment M\u00e9xico, S.A. de C.V. Formato: 3 CD + DVD EAN: 888751982420 Lanzamiento: 2016 Pa\u00eds: M\u00e9xico CD 1 6. Natalia Lafourcade \u2013 Nunca es suficiente [Album Version] CD 2 3. Natalia Lafourcade \u2013 El amor acaba [Album Version] CD 3 7. Gilberto Santa [&hellip;]<\/p>\n","protected":false},"author":1,"featured_media":8571,"parent":7264,"menu_order":0,"comment_status":"closed","ping_status":"closed","template":"","meta":[],"_links":{"self":[{"href":"https:\/\/lafourcadefanclub.com\/sitio\/wp-json\/wp\/v2\/pages\/8570"}],"collection":[{"href":"https:\/\/lafourcadefanclub.com\/sitio\/wp-json\/wp\/v2\/pages"}],"about":[{"href":"https:\/\/lafourcadefanclub.com\/sitio\/wp-json\/wp\/v2\/types\/page"}],"author":[{"embeddable":true,"href":"https:\/\/lafourcadefanclub.com\/sitio\/wp-json\/wp\/v2\/users\/1"}],"replies":[{"embeddable":true,"href":"https:\/\/lafourcadefanclub.com\/sitio\/wp-json\/wp\/v2\/comments?post=8570"}],"version-history":[{"count":3,"href":"https:\/\/lafourcadefanclub.com\/sitio\/wp-json\/wp\/v2\/pages\/8570\/revisions"}],"predecessor-version":[{"id":8686,"href":"https:\/\/lafourcadefanclub.com\/sitio\/wp-json\/wp\/v2\/pages\/8570\/revisions\/8686"}],"up":[{"embeddable":true,"href":"https:\/\/lafourcadefanclub.com\/sitio\/wp-json\/wp\/v2\/pages\/7264"}],"wp:featuredmedia":[{"embeddable":true,"href":"https:\/\/lafourcadefanclub.com\/sitio\/wp-json\/wp\/v2\/media\/8571"}],"wp:attachment":[{"href":"https:\/\/lafourcadefanclub.com\/sitio\/wp-json\/wp\/v2\/media?parent=8570"}],"curies":[{"name":"wp","href":"https:\/\/api.w.org\/{rel}","templated":true}]}}