{"id":8580,"date":"2017-05-24T16:11:41","date_gmt":"2017-05-24T22:11:41","guid":{"rendered":"http:\/\/lafourcadefanclub.com\/sitio\/?page_id=8580"},"modified":"2017-05-25T09:30:50","modified_gmt":"2017-05-25T15:30:50","slug":"lo-esencial-1-ano-exitos-vol-6-2015","status":"publish","type":"page","link":"https:\/\/lafourcadefanclub.com\/sitio\/discografia\/compilaciones\/lo-esencial-1-ano-exitos-vol-6-2015\/","title":{"rendered":"Lo esencial de 1 a\u00f1o de \u00e9xitos, Vol. 6 (2015)"},"content":{"rendered":"<p><a href=\"http:\/\/lafourcadefanclub.com\/sitio\/wp-content\/uploads\/2017\/05\/Lo-esencial-de-1-ano-de-exitos-Vol-6.jpg\" rel=\"attachment wp-att-8581\"><img loading=\"lazy\" src=\"http:\/\/lafourcadefanclub.com\/sitio\/wp-content\/uploads\/2017\/05\/Lo-esencial-de-1-ano-de-exitos-Vol-6.jpg\" alt=\"Lo esencial de 1 ano de exitos, Vol 6\" width=\"300\" height=\"300\" class=\"size-medium wp-image-8581\" srcset=\"https:\/\/lafourcadefanclub.com\/sitio\/wp-content\/uploads\/2017\/05\/Lo-esencial-de-1-ano-de-exitos-Vol-6.jpg 600w, https:\/\/lafourcadefanclub.com\/sitio\/wp-content\/uploads\/2017\/05\/Lo-esencial-de-1-ano-de-exitos-Vol-6-300x300.jpg 300w, https:\/\/lafourcadefanclub.com\/sitio\/wp-content\/uploads\/2017\/05\/Lo-esencial-de-1-ano-de-exitos-Vol-6-150x150.jpg 150w\" sizes=\"(max-width: 300px) 100vw, 300px\" \/><\/a><\/p>\n<p>\u00c1lbum: Lo esencial de 1 a\u00f1o de \u00e9xitos, Vol. 6<br \/>\nDisquera: Sony Music Entertainment M\u00e9xico, S.A. de C.V.<br \/>\nFormato: 2 CD + DVD<br \/>\nEAN: 888750612229<br \/>\nLanzamiento: 2015<br \/>\nPa\u00eds: M\u00e9xico<\/p>\n<p>CD 1<br \/>\n20. Jos\u00e9 Jos\u00e9 &#038; Natalia Lafourcade \u2013 Una ma\u00f1ana [Album Version]<\/p>\n","protected":false},"excerpt":{"rendered":"<p>\u00c1lbum: Lo esencial de 1 a\u00f1o de \u00e9xitos, Vol. 6 Disquera: Sony Music Entertainment M\u00e9xico, S.A. de C.V. Formato: 2 CD + DVD EAN: 888750612229 Lanzamiento: 2015 Pa\u00eds: M\u00e9xico CD 1 20. Jos\u00e9 Jos\u00e9 &#038; Natalia Lafourcade \u2013 Una ma\u00f1ana [Album Version]<\/p>\n","protected":false},"author":1,"featured_media":8581,"parent":7264,"menu_order":0,"comment_status":"closed","ping_status":"closed","template":"","meta":[],"_links":{"self":[{"href":"https:\/\/lafourcadefanclub.com\/sitio\/wp-json\/wp\/v2\/pages\/8580"}],"collection":[{"href":"https:\/\/lafourcadefanclub.com\/sitio\/wp-json\/wp\/v2\/pages"}],"about":[{"href":"https:\/\/lafourcadefanclub.com\/sitio\/wp-json\/wp\/v2\/types\/page"}],"author":[{"embeddable":true,"href":"https:\/\/lafourcadefanclub.com\/sitio\/wp-json\/wp\/v2\/users\/1"}],"replies":[{"embeddable":true,"href":"https:\/\/lafourcadefanclub.com\/sitio\/wp-json\/wp\/v2\/comments?post=8580"}],"version-history":[{"count":3,"href":"https:\/\/lafourcadefanclub.com\/sitio\/wp-json\/wp\/v2\/pages\/8580\/revisions"}],"predecessor-version":[{"id":8689,"href":"https:\/\/lafourcadefanclub.com\/sitio\/wp-json\/wp\/v2\/pages\/8580\/revisions\/8689"}],"up":[{"embeddable":true,"href":"https:\/\/lafourcadefanclub.com\/sitio\/wp-json\/wp\/v2\/pages\/7264"}],"wp:featuredmedia":[{"embeddable":true,"href":"https:\/\/lafourcadefanclub.com\/sitio\/wp-json\/wp\/v2\/media\/8581"}],"wp:attachment":[{"href":"https:\/\/lafourcadefanclub.com\/sitio\/wp-json\/wp\/v2\/media?parent=8580"}],"curies":[{"name":"wp","href":"https:\/\/api.w.org\/{rel}","templated":true}]}}