{"id":8618,"date":"2017-05-24T18:50:31","date_gmt":"2017-05-25T00:50:31","guid":{"rendered":"http:\/\/lafourcadefanclub.com\/sitio\/?page_id=8618"},"modified":"2017-05-25T09:34:35","modified_gmt":"2017-05-25T15:34:35","slug":"bicentenario-200-anos-la-historia-la-musica-mexico-2010","status":"publish","type":"page","link":"https:\/\/lafourcadefanclub.com\/sitio\/discografia\/compilaciones\/bicentenario-200-anos-la-historia-la-musica-mexico-2010\/","title":{"rendered":"Bicentenario: 200 A\u00f1os de la Historia de la M\u00fasica en M\u00e9xico (2010)"},"content":{"rendered":"<p><a href=\"http:\/\/lafourcadefanclub.com\/sitio\/wp-content\/uploads\/2017\/05\/Bicentenario.jpg\" rel=\"attachment wp-att-8619\"><img loading=\"lazy\" src=\"http:\/\/lafourcadefanclub.com\/sitio\/wp-content\/uploads\/2017\/05\/Bicentenario.jpg\" alt=\"Bicentenario\" width=\"300\" height=\"300\" class=\"size-medium wp-image-8619\" srcset=\"https:\/\/lafourcadefanclub.com\/sitio\/wp-content\/uploads\/2017\/05\/Bicentenario.jpg 600w, https:\/\/lafourcadefanclub.com\/sitio\/wp-content\/uploads\/2017\/05\/Bicentenario-300x300.jpg 300w, https:\/\/lafourcadefanclub.com\/sitio\/wp-content\/uploads\/2017\/05\/Bicentenario-150x150.jpg 150w\" sizes=\"(max-width: 300px) 100vw, 300px\" \/><\/a><\/p>\n<p>\u00c1lbum: Bicentenario, 200 A\u00f1os de la Historia de la M\u00fasica en M\u00e9xico<br \/>\nDisquera: Sony Music Entertainment M\u00e9xico, S.A. de C.V.<br \/>\nFormato: 4 CD<br \/>\nEAN: 8697776742<br \/>\nLanzamiento: 2010<br \/>\nPa\u00eds: M\u00e9xico<\/p>\n<p>CD 4<br \/>\n17. Natalia Lafourcade \u2013 En el 2000 [Album Version]<\/p>\n","protected":false},"excerpt":{"rendered":"<p>\u00c1lbum: Bicentenario, 200 A\u00f1os de la Historia de la M\u00fasica en M\u00e9xico Disquera: Sony Music Entertainment M\u00e9xico, S.A. de C.V. Formato: 4 CD EAN: 8697776742 Lanzamiento: 2010 Pa\u00eds: M\u00e9xico CD 4 17. Natalia Lafourcade \u2013 En el 2000 [Album Version]<\/p>\n","protected":false},"author":1,"featured_media":8619,"parent":7264,"menu_order":0,"comment_status":"closed","ping_status":"closed","template":"","meta":[],"_links":{"self":[{"href":"https:\/\/lafourcadefanclub.com\/sitio\/wp-json\/wp\/v2\/pages\/8618"}],"collection":[{"href":"https:\/\/lafourcadefanclub.com\/sitio\/wp-json\/wp\/v2\/pages"}],"about":[{"href":"https:\/\/lafourcadefanclub.com\/sitio\/wp-json\/wp\/v2\/types\/page"}],"author":[{"embeddable":true,"href":"https:\/\/lafourcadefanclub.com\/sitio\/wp-json\/wp\/v2\/users\/1"}],"replies":[{"embeddable":true,"href":"https:\/\/lafourcadefanclub.com\/sitio\/wp-json\/wp\/v2\/comments?post=8618"}],"version-history":[{"count":3,"href":"https:\/\/lafourcadefanclub.com\/sitio\/wp-json\/wp\/v2\/pages\/8618\/revisions"}],"predecessor-version":[{"id":8704,"href":"https:\/\/lafourcadefanclub.com\/sitio\/wp-json\/wp\/v2\/pages\/8618\/revisions\/8704"}],"up":[{"embeddable":true,"href":"https:\/\/lafourcadefanclub.com\/sitio\/wp-json\/wp\/v2\/pages\/7264"}],"wp:featuredmedia":[{"embeddable":true,"href":"https:\/\/lafourcadefanclub.com\/sitio\/wp-json\/wp\/v2\/media\/8619"}],"wp:attachment":[{"href":"https:\/\/lafourcadefanclub.com\/sitio\/wp-json\/wp\/v2\/media?parent=8618"}],"curies":[{"name":"wp","href":"https:\/\/api.w.org\/{rel}","templated":true}]}}