{"id":8626,"date":"2017-05-24T19:26:59","date_gmt":"2017-05-25T01:26:59","guid":{"rendered":"http:\/\/lafourcadefanclub.com\/sitio\/?page_id=8626"},"modified":"2017-05-25T09:34:15","modified_gmt":"2017-05-25T15:34:15","slug":"las-grandes-baladas-debes-escuchar-del-fin-del-mundo-espanol-2012","status":"publish","type":"page","link":"https:\/\/lafourcadefanclub.com\/sitio\/discografia\/compilaciones\/las-grandes-baladas-debes-escuchar-del-fin-del-mundo-espanol-2012\/","title":{"rendered":"Las grandes baladas que debes escuchar antes del Fin del mundo en espa\u00f1ol (2012)"},"content":{"rendered":"<p><a href=\"http:\/\/lafourcadefanclub.com\/sitio\/wp-content\/uploads\/2017\/05\/Grandes-baladas-escuchar-fin-mundo-DVD.jpg\" rel=\"attachment wp-att-8628\"><img loading=\"lazy\" src=\"http:\/\/lafourcadefanclub.com\/sitio\/wp-content\/uploads\/2017\/05\/Grandes-baladas-escuchar-fin-mundo-DVD.jpg\" alt=\"Grandes baladas escuchar fin mundo DVD\" width=\"300\" height=\"298\" class=\"size-medium wp-image-8628\" srcset=\"https:\/\/lafourcadefanclub.com\/sitio\/wp-content\/uploads\/2017\/05\/Grandes-baladas-escuchar-fin-mundo-DVD.jpg 1197w, https:\/\/lafourcadefanclub.com\/sitio\/wp-content\/uploads\/2017\/05\/Grandes-baladas-escuchar-fin-mundo-DVD-300x298.jpg 300w, https:\/\/lafourcadefanclub.com\/sitio\/wp-content\/uploads\/2017\/05\/Grandes-baladas-escuchar-fin-mundo-DVD-1024x1018.jpg 1024w, https:\/\/lafourcadefanclub.com\/sitio\/wp-content\/uploads\/2017\/05\/Grandes-baladas-escuchar-fin-mundo-DVD-150x150.jpg 150w, https:\/\/lafourcadefanclub.com\/sitio\/wp-content\/uploads\/2017\/05\/Grandes-baladas-escuchar-fin-mundo-DVD-768x764.jpg 768w, https:\/\/lafourcadefanclub.com\/sitio\/wp-content\/uploads\/2017\/05\/Grandes-baladas-escuchar-fin-mundo-DVD-640x636.jpg 640w, https:\/\/lafourcadefanclub.com\/sitio\/wp-content\/uploads\/2017\/05\/Grandes-baladas-escuchar-fin-mundo-DVD-980x974.jpg 980w\" sizes=\"(max-width: 300px) 100vw, 300px\" \/><\/a><\/p>\n<p>\u00c1lbum: Las grandes baladas que debes escuchar antes del Fin del mundo en espa\u00f1ol<br \/>\nDisquera: Sony Music Entertainment M\u00e9xico, S.A. de C.V.<br \/>\nFormato: 3 CD + DVD \/ Digital<br \/>\nEAN: 887254979623<br \/>\nLanzamiento: 2012<br \/>\nPa\u00eds: M\u00e9xico<\/p>\n<p>CD 2<br \/>\n15. Natalia Lafourcade \u2013 Amarte duele [Album Version]<\/p>\n","protected":false},"excerpt":{"rendered":"<p>\u00c1lbum: Las grandes baladas que debes escuchar antes del Fin del mundo en espa\u00f1ol Disquera: Sony Music Entertainment M\u00e9xico, S.A. de C.V. Formato: 3 CD + DVD \/ Digital EAN: 887254979623 Lanzamiento: 2012 Pa\u00eds: M\u00e9xico CD 2 15. Natalia Lafourcade \u2013 Amarte duele [Album Version]<\/p>\n","protected":false},"author":1,"featured_media":8628,"parent":7264,"menu_order":0,"comment_status":"closed","ping_status":"closed","template":"","meta":[],"_links":{"self":[{"href":"https:\/\/lafourcadefanclub.com\/sitio\/wp-json\/wp\/v2\/pages\/8626"}],"collection":[{"href":"https:\/\/lafourcadefanclub.com\/sitio\/wp-json\/wp\/v2\/pages"}],"about":[{"href":"https:\/\/lafourcadefanclub.com\/sitio\/wp-json\/wp\/v2\/types\/page"}],"author":[{"embeddable":true,"href":"https:\/\/lafourcadefanclub.com\/sitio\/wp-json\/wp\/v2\/users\/1"}],"replies":[{"embeddable":true,"href":"https:\/\/lafourcadefanclub.com\/sitio\/wp-json\/wp\/v2\/comments?post=8626"}],"version-history":[{"count":2,"href":"https:\/\/lafourcadefanclub.com\/sitio\/wp-json\/wp\/v2\/pages\/8626\/revisions"}],"predecessor-version":[{"id":8700,"href":"https:\/\/lafourcadefanclub.com\/sitio\/wp-json\/wp\/v2\/pages\/8626\/revisions\/8700"}],"up":[{"embeddable":true,"href":"https:\/\/lafourcadefanclub.com\/sitio\/wp-json\/wp\/v2\/pages\/7264"}],"wp:featuredmedia":[{"embeddable":true,"href":"https:\/\/lafourcadefanclub.com\/sitio\/wp-json\/wp\/v2\/media\/8628"}],"wp:attachment":[{"href":"https:\/\/lafourcadefanclub.com\/sitio\/wp-json\/wp\/v2\/media?parent=8626"}],"curies":[{"name":"wp","href":"https:\/\/api.w.org\/{rel}","templated":true}]}}