{"id":8630,"date":"2017-05-24T19:32:50","date_gmt":"2017-05-25T01:32:50","guid":{"rendered":"http:\/\/lafourcadefanclub.com\/sitio\/?page_id=8630"},"modified":"2017-05-25T09:34:20","modified_gmt":"2017-05-25T15:34:20","slug":"gym-hits-2012","status":"publish","type":"page","link":"https:\/\/lafourcadefanclub.com\/sitio\/discografia\/compilaciones\/gym-hits-2012\/","title":{"rendered":"GYM Hits (2012)"},"content":{"rendered":"<p><a href=\"http:\/\/lafourcadefanclub.com\/sitio\/wp-content\/uploads\/2017\/05\/Gym-hits.jpg\" rel=\"attachment wp-att-8631\"><img loading=\"lazy\" src=\"http:\/\/lafourcadefanclub.com\/sitio\/wp-content\/uploads\/2017\/05\/Gym-hits.jpg\" alt=\"Gym hits\" width=\"300\" height=\"300\" class=\"size-medium wp-image-8631\" srcset=\"https:\/\/lafourcadefanclub.com\/sitio\/wp-content\/uploads\/2017\/05\/Gym-hits.jpg 1400w, https:\/\/lafourcadefanclub.com\/sitio\/wp-content\/uploads\/2017\/05\/Gym-hits-300x300.jpg 300w, https:\/\/lafourcadefanclub.com\/sitio\/wp-content\/uploads\/2017\/05\/Gym-hits-1024x1024.jpg 1024w, https:\/\/lafourcadefanclub.com\/sitio\/wp-content\/uploads\/2017\/05\/Gym-hits-150x150.jpg 150w, https:\/\/lafourcadefanclub.com\/sitio\/wp-content\/uploads\/2017\/05\/Gym-hits-768x768.jpg 768w, https:\/\/lafourcadefanclub.com\/sitio\/wp-content\/uploads\/2017\/05\/Gym-hits-640x640.jpg 640w, https:\/\/lafourcadefanclub.com\/sitio\/wp-content\/uploads\/2017\/05\/Gym-hits-980x980.jpg 980w\" sizes=\"(max-width: 300px) 100vw, 300px\" \/><\/a><\/p>\n<p>\u00c1lbum: GYM Hits<br \/>\nDisquera: Sony Music Entertainment M\u00e9xico, S.A. de C.V.<br \/>\nFormato: Digital<br \/>\nEAN: ~<br \/>\nLanzamiento: 2012<br \/>\nPa\u00eds: M\u00e9xico<\/p>\n<p>6. Los Daniels &#038; Natalia Lafourcade \u2013 Quisiera saber [Album Version]<\/p>\n","protected":false},"excerpt":{"rendered":"<p>\u00c1lbum: GYM Hits Disquera: Sony Music Entertainment M\u00e9xico, S.A. de C.V. Formato: Digital EAN: ~ Lanzamiento: 2012 Pa\u00eds: M\u00e9xico 6. Los Daniels &#038; Natalia Lafourcade \u2013 Quisiera saber [Album Version]<\/p>\n","protected":false},"author":1,"featured_media":8631,"parent":7264,"menu_order":0,"comment_status":"closed","ping_status":"closed","template":"","meta":[],"_links":{"self":[{"href":"https:\/\/lafourcadefanclub.com\/sitio\/wp-json\/wp\/v2\/pages\/8630"}],"collection":[{"href":"https:\/\/lafourcadefanclub.com\/sitio\/wp-json\/wp\/v2\/pages"}],"about":[{"href":"https:\/\/lafourcadefanclub.com\/sitio\/wp-json\/wp\/v2\/types\/page"}],"author":[{"embeddable":true,"href":"https:\/\/lafourcadefanclub.com\/sitio\/wp-json\/wp\/v2\/users\/1"}],"replies":[{"embeddable":true,"href":"https:\/\/lafourcadefanclub.com\/sitio\/wp-json\/wp\/v2\/comments?post=8630"}],"version-history":[{"count":2,"href":"https:\/\/lafourcadefanclub.com\/sitio\/wp-json\/wp\/v2\/pages\/8630\/revisions"}],"predecessor-version":[{"id":8701,"href":"https:\/\/lafourcadefanclub.com\/sitio\/wp-json\/wp\/v2\/pages\/8630\/revisions\/8701"}],"up":[{"embeddable":true,"href":"https:\/\/lafourcadefanclub.com\/sitio\/wp-json\/wp\/v2\/pages\/7264"}],"wp:featuredmedia":[{"embeddable":true,"href":"https:\/\/lafourcadefanclub.com\/sitio\/wp-json\/wp\/v2\/media\/8631"}],"wp:attachment":[{"href":"https:\/\/lafourcadefanclub.com\/sitio\/wp-json\/wp\/v2\/media?parent=8630"}],"curies":[{"name":"wp","href":"https:\/\/api.w.org\/{rel}","templated":true}]}}