{"id":8659,"date":"2017-05-24T20:27:03","date_gmt":"2017-05-25T02:27:03","guid":{"rendered":"http:\/\/lafourcadefanclub.com\/sitio\/?page_id=8659"},"modified":"2018-11-25T10:03:21","modified_gmt":"2018-11-25T16:03:21","slug":"los-mejores-duetos-2016","status":"publish","type":"page","link":"https:\/\/lafourcadefanclub.com\/sitio\/discografia\/compilaciones\/los-mejores-duetos-2016\/","title":{"rendered":"Los mejores duetos (2016)"},"content":{"rendered":"<p><a href=\"http:\/\/lafourcadefanclub.com\/sitio\/wp-content\/uploads\/2017\/05\/Los-mejores-duetos-2016-3-cd-dvd.jpg\" rel=\"attachment wp-att-8662\"><img loading=\"lazy\" src=\"http:\/\/lafourcadefanclub.com\/sitio\/wp-content\/uploads\/2017\/05\/Los-mejores-duetos-2016-3-cd-dvd.jpg\" alt=\"Los mejores duetos 2016 - 3 cd dvd\" width=\"300\" height=\"300\" class=\"size-medium wp-image-8662\" srcset=\"https:\/\/lafourcadefanclub.com\/sitio\/wp-content\/uploads\/2017\/05\/Los-mejores-duetos-2016-3-cd-dvd.jpg 1400w, https:\/\/lafourcadefanclub.com\/sitio\/wp-content\/uploads\/2017\/05\/Los-mejores-duetos-2016-3-cd-dvd-300x300.jpg 300w, https:\/\/lafourcadefanclub.com\/sitio\/wp-content\/uploads\/2017\/05\/Los-mejores-duetos-2016-3-cd-dvd-1024x1024.jpg 1024w, https:\/\/lafourcadefanclub.com\/sitio\/wp-content\/uploads\/2017\/05\/Los-mejores-duetos-2016-3-cd-dvd-150x150.jpg 150w, https:\/\/lafourcadefanclub.com\/sitio\/wp-content\/uploads\/2017\/05\/Los-mejores-duetos-2016-3-cd-dvd-768x768.jpg 768w, https:\/\/lafourcadefanclub.com\/sitio\/wp-content\/uploads\/2017\/05\/Los-mejores-duetos-2016-3-cd-dvd-640x640.jpg 640w, https:\/\/lafourcadefanclub.com\/sitio\/wp-content\/uploads\/2017\/05\/Los-mejores-duetos-2016-3-cd-dvd-980x980.jpg 980w\" sizes=\"(max-width: 300px) 100vw, 300px\" \/><\/a><\/p>\n<p>\u00c1lbum: Los mejores duetos<br \/>\nDisquera: Sony Music Entertainment M\u00e9xico, S.A. de C.V.<br \/>\nFormato: 3 CD + DVD \/ Digital<br \/>\nEAN: 889854030124<br \/>\nLanzamiento: 2016<br \/>\nPa\u00eds: M\u00e9xico<\/p>\n<p>CD 1<br \/>\n3. Natalia Lafourcade &#038; Adri\u00e1n D\u00e1rgelos \u2013 Mujer divina<\/p>\n<p>CD 2<br \/>\n9. La Oreja de Van Gogh &#038; Natalia Lafourcade \u2013 Mar\u00eda [Directo: Primera Fila]<\/p>\n<p>CD 3<br \/>\n4. Natalia Lafourcade &#038; Lila Downs \u2013 La fugitiva [En vivo]<br \/>\n11. Los Daniels &#038; Natalia Lafourcade \u2013 Quisiera saber [Album Version]<\/p>\n<p>DVD<br \/>\n3. Natalia Lafourcade &#038; Ismael (Los Daniels) \u2013 Mujer divina [En vivo]<br \/>\n19. Los Daniels &#038; Natalia Lafourcade \u2013 Quisiera saber [Album Version]<\/p>\n","protected":false},"excerpt":{"rendered":"<p>\u00c1lbum: Los mejores duetos Disquera: Sony Music Entertainment M\u00e9xico, S.A. de C.V. Formato: 3 CD + DVD \/ Digital EAN: 889854030124 Lanzamiento: 2016 Pa\u00eds: M\u00e9xico CD 1 3. Natalia Lafourcade &#038; Adri\u00e1n D\u00e1rgelos \u2013 Mujer divina CD 2 9. La Oreja de Van Gogh &#038; Natalia Lafourcade \u2013 Mar\u00eda [Directo: Primera Fila] CD 3 4. [&hellip;]<\/p>\n","protected":false},"author":1,"featured_media":8662,"parent":7264,"menu_order":0,"comment_status":"closed","ping_status":"closed","template":"","meta":[],"_links":{"self":[{"href":"https:\/\/lafourcadefanclub.com\/sitio\/wp-json\/wp\/v2\/pages\/8659"}],"collection":[{"href":"https:\/\/lafourcadefanclub.com\/sitio\/wp-json\/wp\/v2\/pages"}],"about":[{"href":"https:\/\/lafourcadefanclub.com\/sitio\/wp-json\/wp\/v2\/types\/page"}],"author":[{"embeddable":true,"href":"https:\/\/lafourcadefanclub.com\/sitio\/wp-json\/wp\/v2\/users\/1"}],"replies":[{"embeddable":true,"href":"https:\/\/lafourcadefanclub.com\/sitio\/wp-json\/wp\/v2\/comments?post=8659"}],"version-history":[{"count":4,"href":"https:\/\/lafourcadefanclub.com\/sitio\/wp-json\/wp\/v2\/pages\/8659\/revisions"}],"predecessor-version":[{"id":10321,"href":"https:\/\/lafourcadefanclub.com\/sitio\/wp-json\/wp\/v2\/pages\/8659\/revisions\/10321"}],"up":[{"embeddable":true,"href":"https:\/\/lafourcadefanclub.com\/sitio\/wp-json\/wp\/v2\/pages\/7264"}],"wp:featuredmedia":[{"embeddable":true,"href":"https:\/\/lafourcadefanclub.com\/sitio\/wp-json\/wp\/v2\/media\/8662"}],"wp:attachment":[{"href":"https:\/\/lafourcadefanclub.com\/sitio\/wp-json\/wp\/v2\/media?parent=8659"}],"curies":[{"name":"wp","href":"https:\/\/api.w.org\/{rel}","templated":true}]}}