{"id":8664,"date":"2017-05-24T20:40:35","date_gmt":"2017-05-25T02:40:35","guid":{"rendered":"http:\/\/lafourcadefanclub.com\/sitio\/?page_id=8664"},"modified":"2017-05-25T09:37:25","modified_gmt":"2017-05-25T15:37:25","slug":"lo-esencial-del-pop-espanol-2008","status":"publish","type":"page","link":"https:\/\/lafourcadefanclub.com\/sitio\/discografia\/compilaciones\/lo-esencial-del-pop-espanol-2008\/","title":{"rendered":"Lo esencial del Pop en espa\u00f1ol (2008)"},"content":{"rendered":"<p><a href=\"http:\/\/lafourcadefanclub.com\/sitio\/wp-content\/uploads\/2017\/05\/Lo-esencial-del-Pop-en-Espanol-Fisico.jpg\" rel=\"attachment wp-att-8665\"><img loading=\"lazy\" src=\"http:\/\/lafourcadefanclub.com\/sitio\/wp-content\/uploads\/2017\/05\/Lo-esencial-del-Pop-en-Espanol-Fisico.jpg\" alt=\"Lo esencial del Pop en Espanol Fisico\" width=\"300\" height=\"300\" class=\"size-medium wp-image-8665\" srcset=\"https:\/\/lafourcadefanclub.com\/sitio\/wp-content\/uploads\/2017\/05\/Lo-esencial-del-Pop-en-Espanol-Fisico.jpg 600w, https:\/\/lafourcadefanclub.com\/sitio\/wp-content\/uploads\/2017\/05\/Lo-esencial-del-Pop-en-Espanol-Fisico-300x300.jpg 300w, https:\/\/lafourcadefanclub.com\/sitio\/wp-content\/uploads\/2017\/05\/Lo-esencial-del-Pop-en-Espanol-Fisico-150x150.jpg 150w\" sizes=\"(max-width: 300px) 100vw, 300px\" \/><\/a><\/p>\n<p>\u00c1lbum: Lo esencial del Pop en espa\u00f1ol<br \/>\nDisquera: Sony BMG Music Entertainment M\u00e9xico, S.A. de C.V.<br \/>\nFormato: 3 CD + DVD<br \/>\nEAN: 886973353523<br \/>\nLanzamiento: 2008<br \/>\nPa\u00eds: M\u00e9xico<\/p>\n<p>CD 1<br \/>\n11. Natalia Lafourcade \u2013 En el 2000 [Album Version]<\/p>\n<p>DVD<br \/>\n9. Natalia Lafourcade \u2013 En el 2000 <\/p>\n","protected":false},"excerpt":{"rendered":"<p>\u00c1lbum: Lo esencial del Pop en espa\u00f1ol Disquera: Sony BMG Music Entertainment M\u00e9xico, S.A. de C.V. Formato: 3 CD + DVD EAN: 886973353523 Lanzamiento: 2008 Pa\u00eds: M\u00e9xico CD 1 11. Natalia Lafourcade \u2013 En el 2000 [Album Version] DVD 9. Natalia Lafourcade \u2013 En el 2000<\/p>\n","protected":false},"author":1,"featured_media":8665,"parent":7264,"menu_order":0,"comment_status":"closed","ping_status":"closed","template":"","meta":[],"_links":{"self":[{"href":"https:\/\/lafourcadefanclub.com\/sitio\/wp-json\/wp\/v2\/pages\/8664"}],"collection":[{"href":"https:\/\/lafourcadefanclub.com\/sitio\/wp-json\/wp\/v2\/pages"}],"about":[{"href":"https:\/\/lafourcadefanclub.com\/sitio\/wp-json\/wp\/v2\/types\/page"}],"author":[{"embeddable":true,"href":"https:\/\/lafourcadefanclub.com\/sitio\/wp-json\/wp\/v2\/users\/1"}],"replies":[{"embeddable":true,"href":"https:\/\/lafourcadefanclub.com\/sitio\/wp-json\/wp\/v2\/comments?post=8664"}],"version-history":[{"count":3,"href":"https:\/\/lafourcadefanclub.com\/sitio\/wp-json\/wp\/v2\/pages\/8664\/revisions"}],"predecessor-version":[{"id":8709,"href":"https:\/\/lafourcadefanclub.com\/sitio\/wp-json\/wp\/v2\/pages\/8664\/revisions\/8709"}],"up":[{"embeddable":true,"href":"https:\/\/lafourcadefanclub.com\/sitio\/wp-json\/wp\/v2\/pages\/7264"}],"wp:featuredmedia":[{"embeddable":true,"href":"https:\/\/lafourcadefanclub.com\/sitio\/wp-json\/wp\/v2\/media\/8665"}],"wp:attachment":[{"href":"https:\/\/lafourcadefanclub.com\/sitio\/wp-json\/wp\/v2\/media?parent=8664"}],"curies":[{"name":"wp","href":"https:\/\/api.w.org\/{rel}","templated":true}]}}