{"id":8670,"date":"2017-05-24T20:56:14","date_gmt":"2017-05-25T02:56:14","guid":{"rendered":"http:\/\/lafourcadefanclub.com\/sitio\/?page_id=8670"},"modified":"2017-05-25T09:32:56","modified_gmt":"2017-05-25T15:32:56","slug":"voces-por-mexico-2013","status":"publish","type":"page","link":"https:\/\/lafourcadefanclub.com\/sitio\/discografia\/compilaciones\/voces-por-mexico-2013\/","title":{"rendered":"Voces por M\u00e9xico (2013)"},"content":{"rendered":"<p><a href=\"http:\/\/lafourcadefanclub.com\/sitio\/wp-content\/uploads\/2016\/12\/vocespormexico.jpg\" rel=\"attachment wp-att-5882\"><img loading=\"lazy\" src=\"http:\/\/lafourcadefanclub.com\/sitio\/wp-content\/uploads\/2016\/12\/vocespormexico.jpg\" alt=\"vocespormexico\" width=\"300\" height=\"300\" class=\"size-medium wp-image-5882\" srcset=\"https:\/\/lafourcadefanclub.com\/sitio\/wp-content\/uploads\/2016\/12\/vocespormexico.jpg 600w, https:\/\/lafourcadefanclub.com\/sitio\/wp-content\/uploads\/2016\/12\/vocespormexico-300x300.jpg 300w, https:\/\/lafourcadefanclub.com\/sitio\/wp-content\/uploads\/2016\/12\/vocespormexico-150x150.jpg 150w\" sizes=\"(max-width: 300px) 100vw, 300px\" \/><\/a><\/p>\n<p>\u00c1lbum: Voces por M\u00e9xico<br \/>\nDisquera: Sony Music Entertainment M\u00e9xico, S.A. de C.V.<br \/>\nFormato: 2 CD<br \/>\nEAN: 888430014121<br \/>\nLanzamiento: 2013<br \/>\nPa\u00eds: M\u00e9xico<\/p>\n<p>CD 2<br \/>\n7. Natalia Lafourcade \u2013 Limosna [En vivo]<\/p>\n","protected":false},"excerpt":{"rendered":"<p>\u00c1lbum: Voces por M\u00e9xico Disquera: Sony Music Entertainment M\u00e9xico, S.A. de C.V. Formato: 2 CD EAN: 888430014121 Lanzamiento: 2013 Pa\u00eds: M\u00e9xico CD 2 7. Natalia Lafourcade \u2013 Limosna [En vivo]<\/p>\n","protected":false},"author":1,"featured_media":5882,"parent":7264,"menu_order":0,"comment_status":"closed","ping_status":"closed","template":"","meta":[],"_links":{"self":[{"href":"https:\/\/lafourcadefanclub.com\/sitio\/wp-json\/wp\/v2\/pages\/8670"}],"collection":[{"href":"https:\/\/lafourcadefanclub.com\/sitio\/wp-json\/wp\/v2\/pages"}],"about":[{"href":"https:\/\/lafourcadefanclub.com\/sitio\/wp-json\/wp\/v2\/types\/page"}],"author":[{"embeddable":true,"href":"https:\/\/lafourcadefanclub.com\/sitio\/wp-json\/wp\/v2\/users\/1"}],"replies":[{"embeddable":true,"href":"https:\/\/lafourcadefanclub.com\/sitio\/wp-json\/wp\/v2\/comments?post=8670"}],"version-history":[{"count":2,"href":"https:\/\/lafourcadefanclub.com\/sitio\/wp-json\/wp\/v2\/pages\/8670\/revisions"}],"predecessor-version":[{"id":8696,"href":"https:\/\/lafourcadefanclub.com\/sitio\/wp-json\/wp\/v2\/pages\/8670\/revisions\/8696"}],"up":[{"embeddable":true,"href":"https:\/\/lafourcadefanclub.com\/sitio\/wp-json\/wp\/v2\/pages\/7264"}],"wp:featuredmedia":[{"embeddable":true,"href":"https:\/\/lafourcadefanclub.com\/sitio\/wp-json\/wp\/v2\/media\/5882"}],"wp:attachment":[{"href":"https:\/\/lafourcadefanclub.com\/sitio\/wp-json\/wp\/v2\/media?parent=8670"}],"curies":[{"name":"wp","href":"https:\/\/api.w.org\/{rel}","templated":true}]}}