{"id":8767,"date":"2017-05-25T12:36:22","date_gmt":"2017-05-25T18:36:22","guid":{"rendered":"http:\/\/lafourcadefanclub.com\/sitio\/?page_id=8767"},"modified":"2017-05-25T12:48:46","modified_gmt":"2017-05-25T18:48:46","slug":"ezkucha-06-2002","status":"publish","type":"page","link":"https:\/\/lafourcadefanclub.com\/sitio\/discografia\/compilaciones\/ezkucha-06-2002\/","title":{"rendered":"Ezkucha 06 (2002)"},"content":{"rendered":"<p><a href=\"http:\/\/lafourcadefanclub.com\/sitio\/wp-content\/uploads\/2017\/05\/Ezkucha-6-low.jpg\" rel=\"attachment wp-att-8768\"><img loading=\"lazy\" src=\"http:\/\/lafourcadefanclub.com\/sitio\/wp-content\/uploads\/2017\/05\/Ezkucha-6-low.jpg\" alt=\"Ezkucha 6 low\" width=\"300\" height=\"300\" class=\"size-medium wp-image-8768\" srcset=\"https:\/\/lafourcadefanclub.com\/sitio\/wp-content\/uploads\/2017\/05\/Ezkucha-6-low.jpg 600w, https:\/\/lafourcadefanclub.com\/sitio\/wp-content\/uploads\/2017\/05\/Ezkucha-6-low-300x300.jpg 300w, https:\/\/lafourcadefanclub.com\/sitio\/wp-content\/uploads\/2017\/05\/Ezkucha-6-low-150x150.jpg 150w\" sizes=\"(max-width: 300px) 100vw, 300px\" \/><\/a><\/p>\n<p>\u00c1lbum: Ezkucha 06<br \/>\nDisquera: Sony Music Entertainment M\u00e9xico, S.A. de C.V.<br \/>\nFormato: Enhanced CD<br \/>\nEAN: PRCD 98855<br \/>\nLanzamiento: 2002<br \/>\nPa\u00eds: M\u00e9xico<\/p>\n<p>CD: Enhanced Section<br \/>\n3. Natalia Lafourcade \u2013 En el 2000 [Video Version]<\/p>\n","protected":false},"excerpt":{"rendered":"<p>\u00c1lbum: Ezkucha 06 Disquera: Sony Music Entertainment M\u00e9xico, S.A. de C.V. Formato: Enhanced CD EAN: PRCD 98855 Lanzamiento: 2002 Pa\u00eds: M\u00e9xico CD: Enhanced Section 3. Natalia Lafourcade \u2013 En el 2000 [Video Version]<\/p>\n","protected":false},"author":1,"featured_media":8768,"parent":7264,"menu_order":0,"comment_status":"closed","ping_status":"closed","template":"","meta":[],"_links":{"self":[{"href":"https:\/\/lafourcadefanclub.com\/sitio\/wp-json\/wp\/v2\/pages\/8767"}],"collection":[{"href":"https:\/\/lafourcadefanclub.com\/sitio\/wp-json\/wp\/v2\/pages"}],"about":[{"href":"https:\/\/lafourcadefanclub.com\/sitio\/wp-json\/wp\/v2\/types\/page"}],"author":[{"embeddable":true,"href":"https:\/\/lafourcadefanclub.com\/sitio\/wp-json\/wp\/v2\/users\/1"}],"replies":[{"embeddable":true,"href":"https:\/\/lafourcadefanclub.com\/sitio\/wp-json\/wp\/v2\/comments?post=8767"}],"version-history":[{"count":3,"href":"https:\/\/lafourcadefanclub.com\/sitio\/wp-json\/wp\/v2\/pages\/8767\/revisions"}],"predecessor-version":[{"id":8775,"href":"https:\/\/lafourcadefanclub.com\/sitio\/wp-json\/wp\/v2\/pages\/8767\/revisions\/8775"}],"up":[{"embeddable":true,"href":"https:\/\/lafourcadefanclub.com\/sitio\/wp-json\/wp\/v2\/pages\/7264"}],"wp:featuredmedia":[{"embeddable":true,"href":"https:\/\/lafourcadefanclub.com\/sitio\/wp-json\/wp\/v2\/media\/8768"}],"wp:attachment":[{"href":"https:\/\/lafourcadefanclub.com\/sitio\/wp-json\/wp\/v2\/media?parent=8767"}],"curies":[{"name":"wp","href":"https:\/\/api.w.org\/{rel}","templated":true}]}}