{"id":8837,"date":"2017-05-28T19:53:44","date_gmt":"2017-05-29T01:53:44","guid":{"rendered":"http:\/\/lafourcadefanclub.com\/sitio\/?page_id=8837"},"modified":"2017-05-28T19:54:57","modified_gmt":"2017-05-29T01:54:57","slug":"mexico-suena-2012","status":"publish","type":"page","link":"https:\/\/lafourcadefanclub.com\/sitio\/discografia\/compilaciones\/mexico-suena-2012\/","title":{"rendered":"M\u00e9xico suena (2012)"},"content":{"rendered":"<p><a href=\"http:\/\/lafourcadefanclub.com\/sitio\/wp-content\/uploads\/2017\/05\/Mexico-Suena.jpg\" rel=\"attachment wp-att-8838\"><img loading=\"lazy\" src=\"http:\/\/lafourcadefanclub.com\/sitio\/wp-content\/uploads\/2017\/05\/Mexico-Suena.jpg\" alt=\"Mexico Suena\" width=\"300\" height=\"300\" class=\"size-medium wp-image-8838\" srcset=\"https:\/\/lafourcadefanclub.com\/sitio\/wp-content\/uploads\/2017\/05\/Mexico-Suena.jpg 600w, https:\/\/lafourcadefanclub.com\/sitio\/wp-content\/uploads\/2017\/05\/Mexico-Suena-300x300.jpg 300w, https:\/\/lafourcadefanclub.com\/sitio\/wp-content\/uploads\/2017\/05\/Mexico-Suena-150x150.jpg 150w\" sizes=\"(max-width: 300px) 100vw, 300px\" \/><\/a><\/p>\n<p>\u00c1lbum: M\u00e9xico suena<br \/>\nDisquera: Sony Music Entertainment M\u00e9xico, S.A. de C.V.<br \/>\nFormato: CD + DVD<br \/>\nEAN: 886919607420<br \/>\nLanzamiento: 2012<br \/>\nPa\u00eds: M\u00e9xico<\/p>\n<p>CD<br \/>\n14. Los Daniels &#038; Natalia Lafourcade \u2013 Quisiera saber [Album Version]<\/p>\n<p>DVD<br \/>\n11. Los Daniels &#038; Natalia Lafourcade \u2013 Quisiera saber [Video Version]<\/p>\n","protected":false},"excerpt":{"rendered":"<p>\u00c1lbum: M\u00e9xico suena Disquera: Sony Music Entertainment M\u00e9xico, S.A. de C.V. Formato: CD + DVD EAN: 886919607420 Lanzamiento: 2012 Pa\u00eds: M\u00e9xico CD 14. Los Daniels &#038; Natalia Lafourcade \u2013 Quisiera saber [Album Version] DVD 11. Los Daniels &#038; Natalia Lafourcade \u2013 Quisiera saber [Video Version]<\/p>\n","protected":false},"author":1,"featured_media":8838,"parent":7264,"menu_order":0,"comment_status":"closed","ping_status":"closed","template":"","meta":[],"_links":{"self":[{"href":"https:\/\/lafourcadefanclub.com\/sitio\/wp-json\/wp\/v2\/pages\/8837"}],"collection":[{"href":"https:\/\/lafourcadefanclub.com\/sitio\/wp-json\/wp\/v2\/pages"}],"about":[{"href":"https:\/\/lafourcadefanclub.com\/sitio\/wp-json\/wp\/v2\/types\/page"}],"author":[{"embeddable":true,"href":"https:\/\/lafourcadefanclub.com\/sitio\/wp-json\/wp\/v2\/users\/1"}],"replies":[{"embeddable":true,"href":"https:\/\/lafourcadefanclub.com\/sitio\/wp-json\/wp\/v2\/comments?post=8837"}],"version-history":[{"count":2,"href":"https:\/\/lafourcadefanclub.com\/sitio\/wp-json\/wp\/v2\/pages\/8837\/revisions"}],"predecessor-version":[{"id":8840,"href":"https:\/\/lafourcadefanclub.com\/sitio\/wp-json\/wp\/v2\/pages\/8837\/revisions\/8840"}],"up":[{"embeddable":true,"href":"https:\/\/lafourcadefanclub.com\/sitio\/wp-json\/wp\/v2\/pages\/7264"}],"wp:featuredmedia":[{"embeddable":true,"href":"https:\/\/lafourcadefanclub.com\/sitio\/wp-json\/wp\/v2\/media\/8838"}],"wp:attachment":[{"href":"https:\/\/lafourcadefanclub.com\/sitio\/wp-json\/wp\/v2\/media?parent=8837"}],"curies":[{"name":"wp","href":"https:\/\/api.w.org\/{rel}","templated":true}]}}