{"id":8843,"date":"2017-05-28T20:06:35","date_gmt":"2017-05-29T02:06:35","guid":{"rendered":"http:\/\/lafourcadefanclub.com\/sitio\/?page_id=8843"},"modified":"2017-08-06T01:07:13","modified_gmt":"2017-08-06T07:07:13","slug":"ritmoson-latino-10-aniversario-2005","status":"publish","type":"page","link":"https:\/\/lafourcadefanclub.com\/sitio\/discografia\/compilaciones\/ritmoson-latino-10-aniversario-2005\/","title":{"rendered":"Ritmoson Latino: 10 aniversario (2005)"},"content":{"rendered":"<p><a href=\"http:\/\/lafourcadefanclub.com\/sitio\/wp-content\/uploads\/2017\/05\/RitmoSon-Latino-10-Aniversario-Low.jpg\" rel=\"attachment wp-att-8844\"><img loading=\"lazy\" src=\"http:\/\/lafourcadefanclub.com\/sitio\/wp-content\/uploads\/2017\/05\/RitmoSon-Latino-10-Aniversario-Low.jpg\" alt=\"RitmoSon Latino 10 Aniversario Low\" width=\"300\" height=\"300\" class=\"size-medium wp-image-8844\" srcset=\"https:\/\/lafourcadefanclub.com\/sitio\/wp-content\/uploads\/2017\/05\/RitmoSon-Latino-10-Aniversario-Low.jpg 600w, https:\/\/lafourcadefanclub.com\/sitio\/wp-content\/uploads\/2017\/05\/RitmoSon-Latino-10-Aniversario-Low-300x300.jpg 300w, https:\/\/lafourcadefanclub.com\/sitio\/wp-content\/uploads\/2017\/05\/RitmoSon-Latino-10-Aniversario-Low-150x150.jpg 150w\" sizes=\"(max-width: 300px) 100vw, 300px\" \/><\/a><\/p>\n<p>\u00c1lbum: Ritmoson Latino, 10 aniversario<br \/>\nDisquera: SM Entertainment M\u00e9xico, S.A. de C.V.<br \/>\nFormato: 2 CD + DVD<br \/>\nEAN: 7509951683636<br \/>\nLanzamiento: 2005<br \/>\nPa\u00eds: M\u00e9xico<\/p>\n<p>CD 1<br \/>\n3. Natalia Lafourcade &#8211; En el 2000 [Album Version]<\/p>\n<p>DVD<br \/>\n2. Natalia Lafourcade &#8211; En el 2000 [Video Version]<\/p>\n","protected":false},"excerpt":{"rendered":"<p>\u00c1lbum: Ritmoson Latino, 10 aniversario Disquera: SM Entertainment M\u00e9xico, S.A. de C.V. Formato: 2 CD + DVD EAN: 7509951683636 Lanzamiento: 2005 Pa\u00eds: M\u00e9xico CD 1 3. Natalia Lafourcade &#8211; En el 2000 [Album Version] DVD 2. Natalia Lafourcade &#8211; En el 2000 [Video Version]<\/p>\n","protected":false},"author":1,"featured_media":8844,"parent":7264,"menu_order":0,"comment_status":"closed","ping_status":"closed","template":"","meta":[],"_links":{"self":[{"href":"https:\/\/lafourcadefanclub.com\/sitio\/wp-json\/wp\/v2\/pages\/8843"}],"collection":[{"href":"https:\/\/lafourcadefanclub.com\/sitio\/wp-json\/wp\/v2\/pages"}],"about":[{"href":"https:\/\/lafourcadefanclub.com\/sitio\/wp-json\/wp\/v2\/types\/page"}],"author":[{"embeddable":true,"href":"https:\/\/lafourcadefanclub.com\/sitio\/wp-json\/wp\/v2\/users\/1"}],"replies":[{"embeddable":true,"href":"https:\/\/lafourcadefanclub.com\/sitio\/wp-json\/wp\/v2\/comments?post=8843"}],"version-history":[{"count":3,"href":"https:\/\/lafourcadefanclub.com\/sitio\/wp-json\/wp\/v2\/pages\/8843\/revisions"}],"predecessor-version":[{"id":9439,"href":"https:\/\/lafourcadefanclub.com\/sitio\/wp-json\/wp\/v2\/pages\/8843\/revisions\/9439"}],"up":[{"embeddable":true,"href":"https:\/\/lafourcadefanclub.com\/sitio\/wp-json\/wp\/v2\/pages\/7264"}],"wp:featuredmedia":[{"embeddable":true,"href":"https:\/\/lafourcadefanclub.com\/sitio\/wp-json\/wp\/v2\/media\/8844"}],"wp:attachment":[{"href":"https:\/\/lafourcadefanclub.com\/sitio\/wp-json\/wp\/v2\/media?parent=8843"}],"curies":[{"name":"wp","href":"https:\/\/api.w.org\/{rel}","templated":true}]}}