{"id":8871,"date":"2017-05-28T20:52:45","date_gmt":"2017-05-29T02:52:45","guid":{"rendered":"http:\/\/lafourcadefanclub.com\/sitio\/?page_id=8871"},"modified":"2017-05-28T20:55:58","modified_gmt":"2017-05-29T02:55:58","slug":"limosna-single-2012","status":"publish","type":"page","link":"https:\/\/lafourcadefanclub.com\/sitio\/discografia\/sencillos\/limosna-single-2012\/","title":{"rendered":"Limosna [Single] (2012)"},"content":{"rendered":"<p><a href=\"http:\/\/lafourcadefanclub.com\/sitio\/wp-content\/uploads\/2017\/05\/Limosna.jpg\" rel=\"attachment wp-att-8872\"><img loading=\"lazy\" src=\"http:\/\/lafourcadefanclub.com\/sitio\/wp-content\/uploads\/2017\/05\/Limosna.jpg\" alt=\"Limosna\" width=\"300\" height=\"300\" class=\"size-medium wp-image-8872\" srcset=\"https:\/\/lafourcadefanclub.com\/sitio\/wp-content\/uploads\/2017\/05\/Limosna.jpg 600w, https:\/\/lafourcadefanclub.com\/sitio\/wp-content\/uploads\/2017\/05\/Limosna-300x300.jpg 300w, https:\/\/lafourcadefanclub.com\/sitio\/wp-content\/uploads\/2017\/05\/Limosna-150x150.jpg 150w\" sizes=\"(max-width: 300px) 100vw, 300px\" \/><\/a><\/p>\n<p>\u00c1lbum: Limosna<br \/>\nDisquera: Sony Music Entertainment M\u00e9xico, S.A. de C.V.<br \/>\nFormato: Digital<br \/>\nEAN: ~<br \/>\nLanzamiento: 2012<br \/>\nPa\u00eds: M\u00e9xico<\/p>\n<p>1. Limosna (3:54)<\/p>\n","protected":false},"excerpt":{"rendered":"<p>\u00c1lbum: Limosna Disquera: Sony Music Entertainment M\u00e9xico, S.A. de C.V. Formato: Digital EAN: ~ Lanzamiento: 2012 Pa\u00eds: M\u00e9xico 1. Limosna (3:54)<\/p>\n","protected":false},"author":1,"featured_media":8872,"parent":8414,"menu_order":0,"comment_status":"closed","ping_status":"closed","template":"","meta":[],"_links":{"self":[{"href":"https:\/\/lafourcadefanclub.com\/sitio\/wp-json\/wp\/v2\/pages\/8871"}],"collection":[{"href":"https:\/\/lafourcadefanclub.com\/sitio\/wp-json\/wp\/v2\/pages"}],"about":[{"href":"https:\/\/lafourcadefanclub.com\/sitio\/wp-json\/wp\/v2\/types\/page"}],"author":[{"embeddable":true,"href":"https:\/\/lafourcadefanclub.com\/sitio\/wp-json\/wp\/v2\/users\/1"}],"replies":[{"embeddable":true,"href":"https:\/\/lafourcadefanclub.com\/sitio\/wp-json\/wp\/v2\/comments?post=8871"}],"version-history":[{"count":2,"href":"https:\/\/lafourcadefanclub.com\/sitio\/wp-json\/wp\/v2\/pages\/8871\/revisions"}],"predecessor-version":[{"id":8876,"href":"https:\/\/lafourcadefanclub.com\/sitio\/wp-json\/wp\/v2\/pages\/8871\/revisions\/8876"}],"up":[{"embeddable":true,"href":"https:\/\/lafourcadefanclub.com\/sitio\/wp-json\/wp\/v2\/pages\/8414"}],"wp:featuredmedia":[{"embeddable":true,"href":"https:\/\/lafourcadefanclub.com\/sitio\/wp-json\/wp\/v2\/media\/8872"}],"wp:attachment":[{"href":"https:\/\/lafourcadefanclub.com\/sitio\/wp-json\/wp\/v2\/media?parent=8871"}],"curies":[{"name":"wp","href":"https:\/\/api.w.org\/{rel}","templated":true}]}}