{"id":8961,"date":"2017-06-02T11:00:22","date_gmt":"2017-06-02T17:00:22","guid":{"rendered":"http:\/\/lafourcadefanclub.com\/sitio\/?page_id=8961"},"modified":"2017-06-02T11:02:04","modified_gmt":"2017-06-02T17:02:04","slug":"whats-up-rock-espanol-reloaded-2008","status":"publish","type":"page","link":"https:\/\/lafourcadefanclub.com\/sitio\/discografia\/compilaciones\/whats-up-rock-espanol-reloaded-2008\/","title":{"rendered":"What&#8217;s up? Rock en Espa\u00f1ol, Reloaded (2008)"},"content":{"rendered":"<p><a href=\"http:\/\/lafourcadefanclub.com\/sitio\/wp-content\/uploads\/2017\/06\/Whats-up-Rock-en-Espanol-Reloaded.jpg\" rel=\"attachment wp-att-8962\"><img loading=\"lazy\" src=\"http:\/\/lafourcadefanclub.com\/sitio\/wp-content\/uploads\/2017\/06\/Whats-up-Rock-en-Espanol-Reloaded.jpg\" alt=\"What&#039;s up Rock en Espanol Reloaded\" width=\"300\" height=\"300\" class=\"size-medium wp-image-8962\" srcset=\"https:\/\/lafourcadefanclub.com\/sitio\/wp-content\/uploads\/2017\/06\/Whats-up-Rock-en-Espanol-Reloaded.jpg 600w, https:\/\/lafourcadefanclub.com\/sitio\/wp-content\/uploads\/2017\/06\/Whats-up-Rock-en-Espanol-Reloaded-300x300.jpg 300w, https:\/\/lafourcadefanclub.com\/sitio\/wp-content\/uploads\/2017\/06\/Whats-up-Rock-en-Espanol-Reloaded-150x150.jpg 150w\" sizes=\"(max-width: 300px) 100vw, 300px\" \/><\/a><\/p>\n<p>\u00c1lbum: What&#8217;s up? Rock en Espa\u00f1ol, Reloaded<br \/>\nDisquera: Vene Music<br \/>\nFormato: CD + DVD<br \/>\nEAN: 0827865338624<br \/>\nLanzamiento: 2008<br \/>\nPa\u00eds: Estados Unidos<\/p>\n<p>CD<br \/>\n9. Liquits &#038; Natalia Lafourcade \u2013 Jard\u00edn [Album Version]<\/p>\n<p>DVD<br \/>\n4. Liquits &#038; Natalia Lafourcade \u2013 Jard\u00edn [Video Version]<\/p>\n","protected":false},"excerpt":{"rendered":"<p>\u00c1lbum: What&#8217;s up? Rock en Espa\u00f1ol, Reloaded Disquera: Vene Music Formato: CD + DVD EAN: 0827865338624 Lanzamiento: 2008 Pa\u00eds: Estados Unidos CD 9. Liquits &#038; Natalia Lafourcade \u2013 Jard\u00edn [Album Version] DVD 4. Liquits &#038; Natalia Lafourcade \u2013 Jard\u00edn [Video Version]<\/p>\n","protected":false},"author":1,"featured_media":8962,"parent":7264,"menu_order":0,"comment_status":"closed","ping_status":"closed","template":"","meta":[],"_links":{"self":[{"href":"https:\/\/lafourcadefanclub.com\/sitio\/wp-json\/wp\/v2\/pages\/8961"}],"collection":[{"href":"https:\/\/lafourcadefanclub.com\/sitio\/wp-json\/wp\/v2\/pages"}],"about":[{"href":"https:\/\/lafourcadefanclub.com\/sitio\/wp-json\/wp\/v2\/types\/page"}],"author":[{"embeddable":true,"href":"https:\/\/lafourcadefanclub.com\/sitio\/wp-json\/wp\/v2\/users\/1"}],"replies":[{"embeddable":true,"href":"https:\/\/lafourcadefanclub.com\/sitio\/wp-json\/wp\/v2\/comments?post=8961"}],"version-history":[{"count":2,"href":"https:\/\/lafourcadefanclub.com\/sitio\/wp-json\/wp\/v2\/pages\/8961\/revisions"}],"predecessor-version":[{"id":8965,"href":"https:\/\/lafourcadefanclub.com\/sitio\/wp-json\/wp\/v2\/pages\/8961\/revisions\/8965"}],"up":[{"embeddable":true,"href":"https:\/\/lafourcadefanclub.com\/sitio\/wp-json\/wp\/v2\/pages\/7264"}],"wp:featuredmedia":[{"embeddable":true,"href":"https:\/\/lafourcadefanclub.com\/sitio\/wp-json\/wp\/v2\/media\/8962"}],"wp:attachment":[{"href":"https:\/\/lafourcadefanclub.com\/sitio\/wp-json\/wp\/v2\/media?parent=8961"}],"curies":[{"name":"wp","href":"https:\/\/api.w.org\/{rel}","templated":true}]}}