{"id":8966,"date":"2017-06-02T11:12:26","date_gmt":"2017-06-02T17:12:26","guid":{"rendered":"http:\/\/lafourcadefanclub.com\/sitio\/?page_id=8966"},"modified":"2017-06-02T11:16:11","modified_gmt":"2017-06-02T17:16:11","slug":"ultra-fm-92-5-puebla-2003","status":"publish","type":"page","link":"https:\/\/lafourcadefanclub.com\/sitio\/discografia\/compilaciones\/ultra-fm-92-5-puebla-2003\/","title":{"rendered":"Ultra FM 92.5, Puebla (2003)"},"content":{"rendered":"<p><a href=\"http:\/\/lafourcadefanclub.com\/sitio\/wp-content\/uploads\/2017\/06\/Ultra-FM-Puebla.jpg\" rel=\"attachment wp-att-8967\"><img loading=\"lazy\" src=\"http:\/\/lafourcadefanclub.com\/sitio\/wp-content\/uploads\/2017\/06\/Ultra-FM-Puebla.jpg\" alt=\"Ultra FM Puebla\" width=\"300\" height=\"300\" class=\"size-medium wp-image-8967\" srcset=\"https:\/\/lafourcadefanclub.com\/sitio\/wp-content\/uploads\/2017\/06\/Ultra-FM-Puebla.jpg 600w, https:\/\/lafourcadefanclub.com\/sitio\/wp-content\/uploads\/2017\/06\/Ultra-FM-Puebla-300x300.jpg 300w, https:\/\/lafourcadefanclub.com\/sitio\/wp-content\/uploads\/2017\/06\/Ultra-FM-Puebla-150x150.jpg 150w\" sizes=\"(max-width: 300px) 100vw, 300px\" \/><\/a><\/p>\n<p>\u00c1lbum: Ultra FM 92.5, Puebla<br \/>\nDisquera: Grupo PromoMedios<br \/>\nFormato: CD<br \/>\nEAN: ~<br \/>\nLanzamiento: 2003<br \/>\nPa\u00eds: M\u00e9xico<\/p>\n<p>Natalia Lafourcade \u2013 En el 2000 [Versi\u00f3n Ac\u00fastica]<\/p>\n","protected":false},"excerpt":{"rendered":"<p>\u00c1lbum: Ultra FM 92.5, Puebla Disquera: Grupo PromoMedios Formato: CD EAN: ~ Lanzamiento: 2003 Pa\u00eds: M\u00e9xico Natalia Lafourcade \u2013 En el 2000 [Versi\u00f3n Ac\u00fastica]<\/p>\n","protected":false},"author":1,"featured_media":8967,"parent":7264,"menu_order":0,"comment_status":"closed","ping_status":"closed","template":"","meta":[],"_links":{"self":[{"href":"https:\/\/lafourcadefanclub.com\/sitio\/wp-json\/wp\/v2\/pages\/8966"}],"collection":[{"href":"https:\/\/lafourcadefanclub.com\/sitio\/wp-json\/wp\/v2\/pages"}],"about":[{"href":"https:\/\/lafourcadefanclub.com\/sitio\/wp-json\/wp\/v2\/types\/page"}],"author":[{"embeddable":true,"href":"https:\/\/lafourcadefanclub.com\/sitio\/wp-json\/wp\/v2\/users\/1"}],"replies":[{"embeddable":true,"href":"https:\/\/lafourcadefanclub.com\/sitio\/wp-json\/wp\/v2\/comments?post=8966"}],"version-history":[{"count":3,"href":"https:\/\/lafourcadefanclub.com\/sitio\/wp-json\/wp\/v2\/pages\/8966\/revisions"}],"predecessor-version":[{"id":8971,"href":"https:\/\/lafourcadefanclub.com\/sitio\/wp-json\/wp\/v2\/pages\/8966\/revisions\/8971"}],"up":[{"embeddable":true,"href":"https:\/\/lafourcadefanclub.com\/sitio\/wp-json\/wp\/v2\/pages\/7264"}],"wp:featuredmedia":[{"embeddable":true,"href":"https:\/\/lafourcadefanclub.com\/sitio\/wp-json\/wp\/v2\/media\/8967"}],"wp:attachment":[{"href":"https:\/\/lafourcadefanclub.com\/sitio\/wp-json\/wp\/v2\/media?parent=8966"}],"curies":[{"name":"wp","href":"https:\/\/api.w.org\/{rel}","templated":true}]}}