{"id":9287,"date":"2017-07-06T15:15:23","date_gmt":"2017-07-06T21:15:23","guid":{"rendered":"http:\/\/lafourcadefanclub.com\/sitio\/?page_id=9287"},"modified":"2017-09-29T11:43:39","modified_gmt":"2017-09-29T17:43:39","slug":"edicion-vinilo-lp","status":"publish","type":"page","link":"https:\/\/lafourcadefanclub.com\/sitio\/discografia\/albums\/musas-vol-1\/edicion-vinilo-lp\/","title":{"rendered":"Musas: Vol. 1 [Edici\u00f3n Vinilo \/ LP]"},"content":{"rendered":"<p><a href=\"http:\/\/lafourcadefanclub.com\/sitio\/wp-content\/uploads\/2017\/04\/natalia-lafourcade-musas-macorinos-portada.jpg\" rel=\"attachment wp-att-7838\"><img loading=\"lazy\" src=\"http:\/\/lafourcadefanclub.com\/sitio\/wp-content\/uploads\/2017\/01\/Musas-Homanaje-Folclore-Latinoamericano-Macorinos-Natalia-Lafourcade-300x300.jpg\" alt=\"Musas-Homanaje-Folclore-Latinoamericano-Macorinos-Natalia-Lafourcade\" width=\"300\" height=\"300\" \/><\/a><\/p>\n<p>Int\u00e9rprete: Natalia Lafourcade<br \/>\n\u00c1lbum: Musas, Vol. 1<br \/>\nLanzamiento: 30 de septiembre de 2017<br \/>\nDisquera: Sony Music Entertainment M\u00e9xico, S.A. de C.V.<br \/>\nFormato: Vinilo LP<br \/>\nProducci\u00f3n: Cheche Alara \/ Gustavo Guerrero<\/p>\n<p><strong>VINILO \/ LP:<\/strong><\/p>\n<p>Tracklist:<\/p>\n<p><em>LADO A<\/em><br \/>\n1. T\u00fa s\u00ed sabes quererme <small>(En manos de Los Macorinos)<\/small> (4:04)<br \/>\n2. Soledad y el mar <small>(En manos de Los Macorinos)<\/small> (3:34)<br \/>\n3. Mexicana hermosa <small>(En manos de Los Macorinos)<\/small> (3:29)<br \/>\n4. Qu\u00e9 he sacado con quererte <small>(En manos de Los Macorinos)<\/small> (4:25)<br \/>\n5. Roc\u00edo de todos los campos <small>(En manos de Los Macorinos)<\/small> (4:48)<br \/>\n6. Mi tierra veracruzana <small>(En manos de Los Macorinos)<\/small> (3:45)<\/p>\n<p><em>LADO B<\/em><br \/>\n1. Te v\u00ed pasar <small>(En manos de Los Macorinos)<\/small> (2:38)<br \/>\n2. Son amores (That\u2019s amore) <small>(En manos de Los Macorinos)<\/small> (3:44)<br \/>\n3. T\u00fa me acostumbraste <small>(En manos de Los Macorinos)<\/small> \u2013 con Omara Portuondo (3:08)<br \/>\n4. Soy lo prohibido <small>(En manos de Los Macorinos)<\/small> (3:43)<br \/>\n5. Tonada de luna llena <small>(En manos de Los Macorinos)<\/small> (5:00)<br \/>\n6. Vals po\u00e9tico [Instrumental] <small>(En manos de Los Macorinos)<\/small> (3:18)<\/p>\n<hr>\n<p><strong>Audio:<\/strong><br \/>\nEscuchar: <a href=\"https:\/\/open.spotify.com\/album\/30isRfL4u7fowKgTVsydDt\" target=\"_blank\">Spotify<\/a> \u2022 <a href=\"http:\/\/www.deezer.com\/album\/39286711\" target=\"_blank\">Deezer<\/a><br \/>\nComprar Vinilo \/ LP: <a href=\"http:\/\/www.mixup.com.mx\/Mixup\/detproducto.aspx?sku=889854455910\" target=\"_blank\">Mixup<\/a> \u2022 <a href=\"https:\/\/www.amazon.com\/dp\/B071XM8BNV\/\" target=\"_blank\">Amazon USA<\/a> \u2022 <a href=\"https:\/\/www.amazon.com.mx\/dp\/B071XM8BNV\/\" target=\"_blank\">Amazon M\u00e9xico<\/a> \u2022 <a href=\"http:\/\/www.fye.com\/s\/product\/4759970\/#.Wc5wY1vWzIU\" target=\"_blank\">Fye<\/a><\/p>\n<p><strong>Sencillos:<\/strong><br \/>\n1. T\u00fa s\u00ed sabes quererme <small><a href=\"http:\/\/lafourcadefanclub.com\/sitio\/letras\/musas-vol-1\/tu-si-sabes-quererme\/\">(Letra)<\/a> <a href=\"http:\/\/lafourcadefanclub.com\/sitio\/videoteca\/music-videos\/tu-si-sabes-quererme\/\">(Video)<\/a><\/small><br \/>\n2. Soledad y el mar <small><a href=\"http:\/\/lafourcadefanclub.com\/sitio\/letras\/musas-vol-1\/soledad-y-el-mar\/\">(Letra)<\/a><\/small><br \/>\n3. Mexicana hermosa <small><a href=\"http:\/\/lafourcadefanclub.com\/sitio\/letras\/musas-vol-1\/mexicana-hermosa\/\">(Letra)<\/a> <a href=\"http:\/\/lafourcadefanclub.com\/sitio\/videoteca\/music-videos\/mexicana-hermosa\/\">(Video)<\/a><\/small><\/p>\n<hr>\n<p><b>OTRAS EDICIONES<\/b><\/p>\n<p><a href=\"http:\/\/lafourcadefanclub.com\/sitio\/discografia\/albums\/musas-vol-1\/\">Musas: Vol. 1 [Edici\u00f3n Est\u00e1ndar] (2017)<\/a><br \/>\n<a href=\"http:\/\/lafourcadefanclub.com\/sitio\/discografia\/albums\/musas-vol-1\/deluxe-edition-cd-dvd\/\">Musas: Vol. 1 [Deluxe Edition: CD + DVD] (2017)<\/a><\/p>\n","protected":false},"excerpt":{"rendered":"<p>Int\u00e9rprete: Natalia Lafourcade \u00c1lbum: Musas, Vol. 1 Lanzamiento: 30 de septiembre de 2017 Disquera: Sony Music Entertainment M\u00e9xico, S.A. de C.V. Formato: Vinilo LP Producci\u00f3n: Cheche Alara \/ Gustavo Guerrero VINILO \/ LP: Tracklist: LADO A 1. T\u00fa s\u00ed sabes quererme (En manos de Los Macorinos) (4:04) 2. Soledad y el mar (En manos de [&hellip;]<\/p>\n","protected":false},"author":1,"featured_media":7967,"parent":7865,"menu_order":0,"comment_status":"closed","ping_status":"closed","template":"","meta":[],"_links":{"self":[{"href":"https:\/\/lafourcadefanclub.com\/sitio\/wp-json\/wp\/v2\/pages\/9287"}],"collection":[{"href":"https:\/\/lafourcadefanclub.com\/sitio\/wp-json\/wp\/v2\/pages"}],"about":[{"href":"https:\/\/lafourcadefanclub.com\/sitio\/wp-json\/wp\/v2\/types\/page"}],"author":[{"embeddable":true,"href":"https:\/\/lafourcadefanclub.com\/sitio\/wp-json\/wp\/v2\/users\/1"}],"replies":[{"embeddable":true,"href":"https:\/\/lafourcadefanclub.com\/sitio\/wp-json\/wp\/v2\/comments?post=9287"}],"version-history":[{"count":12,"href":"https:\/\/lafourcadefanclub.com\/sitio\/wp-json\/wp\/v2\/pages\/9287\/revisions"}],"predecessor-version":[{"id":9639,"href":"https:\/\/lafourcadefanclub.com\/sitio\/wp-json\/wp\/v2\/pages\/9287\/revisions\/9639"}],"up":[{"embeddable":true,"href":"https:\/\/lafourcadefanclub.com\/sitio\/wp-json\/wp\/v2\/pages\/7865"}],"wp:featuredmedia":[{"embeddable":true,"href":"https:\/\/lafourcadefanclub.com\/sitio\/wp-json\/wp\/v2\/media\/7967"}],"wp:attachment":[{"href":"https:\/\/lafourcadefanclub.com\/sitio\/wp-json\/wp\/v2\/media?parent=9287"}],"curies":[{"name":"wp","href":"https:\/\/api.w.org\/{rel}","templated":true}]}}