{"id":9383,"date":"2017-08-02T08:21:50","date_gmt":"2017-08-02T14:21:50","guid":{"rendered":"http:\/\/lafourcadefanclub.com\/sitio\/?page_id=9383"},"modified":"2017-08-02T08:21:50","modified_gmt":"2017-08-02T14:21:50","slug":"cordoba-argentina-musas-2017","status":"publish","type":"page","link":"https:\/\/lafourcadefanclub.com\/sitio\/eventos\/cordoba-argentina-musas-2017\/","title":{"rendered":"C\u00f3rdoba, Argentina (Musas 2017)"},"content":{"rendered":"<p><b>Fecha:<\/b> S\u00e1bado, 19 de agosto de 2017.<br \/>\n<b>Hora:<\/b> 9:30pm<br \/>\n<b>Recinto:<\/b> Espacio Quality<br \/>\n<b>Lugar:<\/b> C\u00f3rdoba, Provincia de C\u00f3rdoba, Argentina.<br \/>\n<b>Direcci\u00f3n:<\/b> Cruz Roja Argentina 200, C\u00f3rdoba, Argentina<br \/>\n<a href=\"#mapa\">Ver Mapa<\/a><!--https:\/\/goo.gl\/maps\/b9VZVpaQnFK2--><\/p>\n<p><b>Precios: <\/b><br \/>\nSECTOR ROJO &#8211; $750.00 + $75*<br \/>\nSECTOR NARANJA &#8211; $700.00 + $70*<br \/>\nSECTOR AMARILLO &#8211; $650.00 + $65*<br \/>\nSECTOR VERDE &#8211; $600.00 + $60*<br \/>\nSECTOR CELESTE &#8211; $550.00 + $55*<br \/>\nSECTOR AZUL &#8211; $500.00 + $50*<br \/>\nSECTOR VIOLETA &#8211; $550.00 + $55*<br \/>\nSECTOR MARRON &#8211; $550.00 + $55*<br \/>\nSECTOR TRIBUNA GRIS &#8211; $350.00 + $35*<\/p>\n<p><b>COMPRAR BOLETOS:<\/b> <a href=\"http:\/\/www.ticketek.com.ar\/natalia-lafourcade\/quality-espacio\" target=\"_blank\">Ticketek.com.ar<\/a><\/p>\n<p><b>RSVP:<\/b><br \/>\n<a href=\"#\" target=\"_blank\">Bandsintown<\/a><br \/>\n<a href=\"https:\/\/www.facebook.com\/events\/1046429265487581\/\" target=\"_blank\">Facebook<\/a><\/p>\n<p><b>Links:<\/b><br \/>\nSitio Oficial: <a href=\"http:\/\/qualityespacio.com\" target=\"_blank\">Quality Espacio<\/a><br \/>\nRedes Sociales: <a href=\"https:\/\/www.facebook.com\/pages\/Damrosch-Park\/147269045460679\" target=\"_blank\">Facebook<\/a> | <a href=\"https:\/\/twitter.com\/qualityespacio\" target=\"_blank\">Twitter <\/a><\/p>\n<p>Hashtag: <strong>#MisMusasNL<\/strong><\/p>\n<p><a href=\"http:\/\/lafourcadefanclub.com\/sitio\/wp-content\/uploads\/2017\/08\/Cordoba-2017-NL.jpg\" rel=\"attachment wp-att-9384\"><img loading=\"lazy\" src=\"http:\/\/lafourcadefanclub.com\/sitio\/wp-content\/uploads\/2017\/08\/Cordoba-2017-NL.jpg\" alt=\"Cordoba 2017 NL\" width=\"440\" height=\"600\" class=\"aligncenter size-full wp-image-9384\" srcset=\"https:\/\/lafourcadefanclub.com\/sitio\/wp-content\/uploads\/2017\/08\/Cordoba-2017-NL.jpg 440w, https:\/\/lafourcadefanclub.com\/sitio\/wp-content\/uploads\/2017\/08\/Cordoba-2017-NL-220x300.jpg 220w\" sizes=\"(max-width: 440px) 100vw, 440px\" \/><\/a><\/p>\n<p><a href=\"http:\/\/lafourcadefanclub.com\/sitio\/wp-content\/uploads\/2017\/08\/Argentina-2017-New-2-Natalia-Lafourcade.jpg\" rel=\"attachment wp-att-9385\"><img loading=\"lazy\" src=\"http:\/\/lafourcadefanclub.com\/sitio\/wp-content\/uploads\/2017\/08\/Argentina-2017-New-2-Natalia-Lafourcade.jpg\" alt=\"Argentina 2017 - New 2 Natalia Lafourcade\" width=\"1400\" height=\"1400\" class=\"aligncenter size-full wp-image-9385\" srcset=\"https:\/\/lafourcadefanclub.com\/sitio\/wp-content\/uploads\/2017\/08\/Argentina-2017-New-2-Natalia-Lafourcade.jpg 1400w, https:\/\/lafourcadefanclub.com\/sitio\/wp-content\/uploads\/2017\/08\/Argentina-2017-New-2-Natalia-Lafourcade-300x300.jpg 300w, https:\/\/lafourcadefanclub.com\/sitio\/wp-content\/uploads\/2017\/08\/Argentina-2017-New-2-Natalia-Lafourcade-1024x1024.jpg 1024w, https:\/\/lafourcadefanclub.com\/sitio\/wp-content\/uploads\/2017\/08\/Argentina-2017-New-2-Natalia-Lafourcade-150x150.jpg 150w, https:\/\/lafourcadefanclub.com\/sitio\/wp-content\/uploads\/2017\/08\/Argentina-2017-New-2-Natalia-Lafourcade-768x768.jpg 768w, https:\/\/lafourcadefanclub.com\/sitio\/wp-content\/uploads\/2017\/08\/Argentina-2017-New-2-Natalia-Lafourcade-640x640.jpg 640w, https:\/\/lafourcadefanclub.com\/sitio\/wp-content\/uploads\/2017\/08\/Argentina-2017-New-2-Natalia-Lafourcade-980x980.jpg 980w\" sizes=\"(max-width: 1400px) 100vw, 1400px\" \/><\/a><\/p>\n<p><a name=\"mapa\"><iframe src=\"https:\/\/www.google.com\/maps\/embed?pb=!1m14!1m8!1m3!1d4813.825595556141!2d-64.19783971060153!3d-31.4447302957764!3m2!1i1024!2i768!4f13.1!3m3!1m2!1s0x0%3A0xd0db2d982247b094!2sQuality+Espacio!5e0!3m2!1ses-419!2smx!4v1501680976201\" class=\"mapa\" width=\"100%\" height=\"450\" frameborder=\"0\" style=\"border:0\" allowfullscreen><\/iframe><\/a><\/p>\n","protected":false},"excerpt":{"rendered":"<p>Fecha: S\u00e1bado, 19 de agosto de 2017. Hora: 9:30pm Recinto: Espacio Quality Lugar: C\u00f3rdoba, Provincia de C\u00f3rdoba, Argentina. Direcci\u00f3n: Cruz Roja Argentina 200, C\u00f3rdoba, Argentina Ver Mapa Precios: SECTOR ROJO &#8211; $750.00 + $75* SECTOR NARANJA &#8211; $700.00 + $70* SECTOR AMARILLO &#8211; $650.00 + $65* SECTOR VERDE &#8211; $600.00 + $60* SECTOR CELESTE &#8211; [&hellip;]<\/p>\n","protected":false},"author":1,"featured_media":9384,"parent":7807,"menu_order":0,"comment_status":"closed","ping_status":"closed","template":"","meta":[],"_links":{"self":[{"href":"https:\/\/lafourcadefanclub.com\/sitio\/wp-json\/wp\/v2\/pages\/9383"}],"collection":[{"href":"https:\/\/lafourcadefanclub.com\/sitio\/wp-json\/wp\/v2\/pages"}],"about":[{"href":"https:\/\/lafourcadefanclub.com\/sitio\/wp-json\/wp\/v2\/types\/page"}],"author":[{"embeddable":true,"href":"https:\/\/lafourcadefanclub.com\/sitio\/wp-json\/wp\/v2\/users\/1"}],"replies":[{"embeddable":true,"href":"https:\/\/lafourcadefanclub.com\/sitio\/wp-json\/wp\/v2\/comments?post=9383"}],"version-history":[{"count":1,"href":"https:\/\/lafourcadefanclub.com\/sitio\/wp-json\/wp\/v2\/pages\/9383\/revisions"}],"predecessor-version":[{"id":9386,"href":"https:\/\/lafourcadefanclub.com\/sitio\/wp-json\/wp\/v2\/pages\/9383\/revisions\/9386"}],"up":[{"embeddable":true,"href":"https:\/\/lafourcadefanclub.com\/sitio\/wp-json\/wp\/v2\/pages\/7807"}],"wp:featuredmedia":[{"embeddable":true,"href":"https:\/\/lafourcadefanclub.com\/sitio\/wp-json\/wp\/v2\/media\/9384"}],"wp:attachment":[{"href":"https:\/\/lafourcadefanclub.com\/sitio\/wp-json\/wp\/v2\/media?parent=9383"}],"curies":[{"name":"wp","href":"https:\/\/api.w.org\/{rel}","templated":true}]}}