{"id":9397,"date":"2017-08-02T09:25:29","date_gmt":"2017-08-02T15:25:29","guid":{"rendered":"http:\/\/lafourcadefanclub.com\/sitio\/?page_id=9397"},"modified":"2017-08-02T09:25:29","modified_gmt":"2017-08-02T15:25:29","slug":"mendoza-argentina-musas-2017","status":"publish","type":"page","link":"https:\/\/lafourcadefanclub.com\/sitio\/eventos\/mendoza-argentina-musas-2017\/","title":{"rendered":"Mendoza, Argentina (Musas 2017)"},"content":{"rendered":"<p><b>Fecha:<\/b> Mi\u00e9rcoles, 30 de agosto de 2017.<br \/>\n<b>Hora:<\/b> ~<br \/>\n<b>Recinto:<\/b> Sal\u00f3n de los Olivos de la Arena Maip\u00fa<br \/>\n<b>Lugar:<\/b> Maip\u00fa, Mendoza, Argentina<br \/>\n<b>Direcci\u00f3n:<\/b> Emilio Civit 791, 5515 Maip\u00fa, Mendoza, Argentina<br \/>\n<a href=\"#mapa\">Ver Mapa<\/a><!--https:\/\/goo.gl\/maps\/XiYbF7huYVB2--><\/p>\n<p><b>Precios: <\/b><br \/>\n~<\/p>\n<p><!--<b>COMPRAR BOLETOS:<\/b> <a href=\"#\" target=\"_blank\"> <\/a>--><\/p>\n<p><b>RSVP:<\/b><br \/>\n<a href=\"#\" target=\"_blank\">Bandsintown<\/a><br \/>\n<a href=\"#\" target=\"_blank\">Facebook<\/a><\/p>\n<p><b>Links:<\/b><br \/>\nSitio Oficial: <a href=\"http:\/\/www.arenamaipu.com.ar\/\" target=\"_blank\">Arena Maip\u00fa<\/a><br \/>\nRedes Sociales: <a href=\"https:\/\/www.facebook.com\/ArenaMaipu\" target=\"_blank\">Facebook<\/a> | <a href=\"https:\/\/twitter.com\/arenamaipu\" target=\"_blank\">Twitter <\/a><\/p>\n<p>Hashtag: <strong>#MisMusasNL<\/strong><\/p>\n<p><a href=\"http:\/\/lafourcadefanclub.com\/sitio\/wp-content\/uploads\/2017\/08\/Argentina-2017-New-2-Natalia-Lafourcade.jpg\" rel=\"attachment wp-att-9385\"><img loading=\"lazy\" src=\"http:\/\/lafourcadefanclub.com\/sitio\/wp-content\/uploads\/2017\/08\/Argentina-2017-New-2-Natalia-Lafourcade.jpg\" alt=\"Argentina 2017 - New 2 Natalia Lafourcade\" width=\"1400\" height=\"1400\" class=\"aligncenter size-full wp-image-9385\" srcset=\"https:\/\/lafourcadefanclub.com\/sitio\/wp-content\/uploads\/2017\/08\/Argentina-2017-New-2-Natalia-Lafourcade.jpg 1400w, https:\/\/lafourcadefanclub.com\/sitio\/wp-content\/uploads\/2017\/08\/Argentina-2017-New-2-Natalia-Lafourcade-300x300.jpg 300w, https:\/\/lafourcadefanclub.com\/sitio\/wp-content\/uploads\/2017\/08\/Argentina-2017-New-2-Natalia-Lafourcade-1024x1024.jpg 1024w, https:\/\/lafourcadefanclub.com\/sitio\/wp-content\/uploads\/2017\/08\/Argentina-2017-New-2-Natalia-Lafourcade-150x150.jpg 150w, https:\/\/lafourcadefanclub.com\/sitio\/wp-content\/uploads\/2017\/08\/Argentina-2017-New-2-Natalia-Lafourcade-768x768.jpg 768w, https:\/\/lafourcadefanclub.com\/sitio\/wp-content\/uploads\/2017\/08\/Argentina-2017-New-2-Natalia-Lafourcade-640x640.jpg 640w, https:\/\/lafourcadefanclub.com\/sitio\/wp-content\/uploads\/2017\/08\/Argentina-2017-New-2-Natalia-Lafourcade-980x980.jpg 980w\" sizes=\"(max-width: 1400px) 100vw, 1400px\" \/><\/a><\/p>\n<p><a name=\"mapa\"><iframe src=\"https:\/\/www.google.com\/maps\/embed?pb=!1m14!1m8!1m3!1d7960.554190260976!2d-68.80131681124456!3d-32.97738225332226!3m2!1i1024!2i768!4f13.1!3m3!1m2!1s0x0%3A0xcf9a3e5709740478!2sStadium+Sancor+Seguros+Arena+Maip%C3%BA!5e0!3m2!1ses-419!2smx!4v1501685102231\" class=\"mapa\" width=\"100%\" height=\"450\" frameborder=\"0\" style=\"border:0\" allowfullscreen><\/iframe><\/a><\/p>\n","protected":false},"excerpt":{"rendered":"<p>Fecha: Mi\u00e9rcoles, 30 de agosto de 2017. Hora: ~ Recinto: Sal\u00f3n de los Olivos de la Arena Maip\u00fa Lugar: Maip\u00fa, Mendoza, Argentina Direcci\u00f3n: Emilio Civit 791, 5515 Maip\u00fa, Mendoza, Argentina Ver Mapa Precios: ~ RSVP: Bandsintown Facebook Links: Sitio Oficial: Arena Maip\u00fa Redes Sociales: Facebook | Twitter Hashtag: #MisMusasNL<\/p>\n","protected":false},"author":1,"featured_media":9385,"parent":7807,"menu_order":0,"comment_status":"closed","ping_status":"closed","template":"","meta":[],"_links":{"self":[{"href":"https:\/\/lafourcadefanclub.com\/sitio\/wp-json\/wp\/v2\/pages\/9397"}],"collection":[{"href":"https:\/\/lafourcadefanclub.com\/sitio\/wp-json\/wp\/v2\/pages"}],"about":[{"href":"https:\/\/lafourcadefanclub.com\/sitio\/wp-json\/wp\/v2\/types\/page"}],"author":[{"embeddable":true,"href":"https:\/\/lafourcadefanclub.com\/sitio\/wp-json\/wp\/v2\/users\/1"}],"replies":[{"embeddable":true,"href":"https:\/\/lafourcadefanclub.com\/sitio\/wp-json\/wp\/v2\/comments?post=9397"}],"version-history":[{"count":1,"href":"https:\/\/lafourcadefanclub.com\/sitio\/wp-json\/wp\/v2\/pages\/9397\/revisions"}],"predecessor-version":[{"id":9398,"href":"https:\/\/lafourcadefanclub.com\/sitio\/wp-json\/wp\/v2\/pages\/9397\/revisions\/9398"}],"up":[{"embeddable":true,"href":"https:\/\/lafourcadefanclub.com\/sitio\/wp-json\/wp\/v2\/pages\/7807"}],"wp:featuredmedia":[{"embeddable":true,"href":"https:\/\/lafourcadefanclub.com\/sitio\/wp-json\/wp\/v2\/media\/9385"}],"wp:attachment":[{"href":"https:\/\/lafourcadefanclub.com\/sitio\/wp-json\/wp\/v2\/media?parent=9397"}],"curies":[{"name":"wp","href":"https:\/\/api.w.org\/{rel}","templated":true}]}}