{"id":9551,"date":"2017-09-01T23:13:51","date_gmt":"2017-09-02T05:13:51","guid":{"rendered":"http:\/\/lafourcadefanclub.com\/sitio\/?page_id=9551"},"modified":"2017-09-01T23:14:11","modified_gmt":"2017-09-02T05:14:11","slug":"mexicana-hermosa-mariachi-single-2017","status":"publish","type":"page","link":"https:\/\/lafourcadefanclub.com\/sitio\/discografia\/sencillos\/mexicana-hermosa-mariachi-single-2017\/","title":{"rendered":"Mexicana hermosa &#8211; Versi\u00f3n Mariachi [Single] (2017)"},"content":{"rendered":"<p><a href=\"http:\/\/lafourcadefanclub.com\/sitio\/wp-content\/uploads\/2017\/09\/Single-Mexicana-hermosa-Mariachi-Carlos-Rivera.jpg\" rel=\"attachment wp-att-8921\"><img loading=\"lazy\" src=\"http:\/\/lafourcadefanclub.com\/sitio\/wp-content\/uploads\/2017\/09\/Single-Mexicana-hermosa-Mariachi-Carlos-Rivera-1024x1024.jpg\" alt=\"Mexicana hermosa [Version Mariachi]\" width=\"300\" height=\"300\" class=\"size-medium wp-image-8921\" \/><\/a><\/p>\n<p>\u00c1lbum: Mexicana hermosa [Versi\u00f3n Mariachi]<br \/>\nDisquera: Sony Music Entertainment M\u00e9xico, S.A. de C.V.<br \/>\nFormato: Digital<br \/>\nEAN: ~<br \/>\nLanzamiento: 18 de agosto de 2017<br \/>\nPa\u00eds: Mundial<\/p>\n<p>1. Mexicana hermosa [Versi\u00f3n Mariachi] &#8211; con Carlos Rivera (4:10)<\/p>\n","protected":false},"excerpt":{"rendered":"<p>\u00c1lbum: Mexicana hermosa [Versi\u00f3n Mariachi] Disquera: Sony Music Entertainment M\u00e9xico, S.A. de C.V. Formato: Digital EAN: ~ Lanzamiento: 18 de agosto de 2017 Pa\u00eds: Mundial 1. Mexicana hermosa [Versi\u00f3n Mariachi] &#8211; con Carlos Rivera (4:10)<\/p>\n","protected":false},"author":1,"featured_media":9552,"parent":8414,"menu_order":0,"comment_status":"closed","ping_status":"closed","template":"","meta":[],"_links":{"self":[{"href":"https:\/\/lafourcadefanclub.com\/sitio\/wp-json\/wp\/v2\/pages\/9551"}],"collection":[{"href":"https:\/\/lafourcadefanclub.com\/sitio\/wp-json\/wp\/v2\/pages"}],"about":[{"href":"https:\/\/lafourcadefanclub.com\/sitio\/wp-json\/wp\/v2\/types\/page"}],"author":[{"embeddable":true,"href":"https:\/\/lafourcadefanclub.com\/sitio\/wp-json\/wp\/v2\/users\/1"}],"replies":[{"embeddable":true,"href":"https:\/\/lafourcadefanclub.com\/sitio\/wp-json\/wp\/v2\/comments?post=9551"}],"version-history":[{"count":2,"href":"https:\/\/lafourcadefanclub.com\/sitio\/wp-json\/wp\/v2\/pages\/9551\/revisions"}],"predecessor-version":[{"id":9554,"href":"https:\/\/lafourcadefanclub.com\/sitio\/wp-json\/wp\/v2\/pages\/9551\/revisions\/9554"}],"up":[{"embeddable":true,"href":"https:\/\/lafourcadefanclub.com\/sitio\/wp-json\/wp\/v2\/pages\/8414"}],"wp:featuredmedia":[{"embeddable":true,"href":"https:\/\/lafourcadefanclub.com\/sitio\/wp-json\/wp\/v2\/media\/9552"}],"wp:attachment":[{"href":"https:\/\/lafourcadefanclub.com\/sitio\/wp-json\/wp\/v2\/media?parent=9551"}],"curies":[{"name":"wp","href":"https:\/\/api.w.org\/{rel}","templated":true}]}}