{"id":9610,"date":"2017-09-29T10:01:04","date_gmt":"2017-09-29T16:01:04","guid":{"rendered":"http:\/\/lafourcadefanclub.com\/sitio\/?page_id=9610"},"modified":"2017-09-29T10:02:29","modified_gmt":"2017-09-29T16:02:29","slug":"mexicana-hermosa-version-ciudad-mexico","status":"publish","type":"page","link":"https:\/\/lafourcadefanclub.com\/sitio\/letras\/otras\/mexicana-hermosa-version-ciudad-mexico\/","title":{"rendered":"Letra: Mexicana hermosa (Versi\u00f3n &#8216;Ciudad de M\u00e9xico&#8217;)"},"content":{"rendered":"<p>Mi Ciudad de M\u00e9xico<br \/>\nCon todo el alma<br \/>\nTe vengo a cantar!<\/p>\n<p>Mexicana hermosa<br \/>\nCiudad consentida<br \/>\nNo te apagues nunca<br \/>\nQue siga la vida<\/p>\n<p>Que tu noche se cubre de estrellas<br \/>\nDe alegr\u00edas y viejas leyendas<\/p>\n<p>No te pongas triste<br \/>\nQue te cuide el cielo<br \/>\nQue esta noche eterna<br \/>\nTe viene a cantar tu pueblo<\/p>\n<p>No te apagues nunca<br \/>\nQue tus ojos negros<br \/>\nSon la llama inquieta<br \/>\nDulce ardor en mi consuelo<\/p>\n<p>Ciudad consentida<br \/>\nPreciosa Mar\u00eda<br \/>\nM\u00e1gico refugio<br \/>\nDe sue\u00f1os y vidas<\/p>\n<p>En tus calles navega tu historia<br \/>\nY la gloria de la Tierra m\u00eda<\/p>\n<p>Mi Ciudad de M\u00e9xico<br \/>\nCon todo el alma<br \/>\nTe vengo a cantar<br \/>\nMexicana hermosa<\/p>\n<p>\u00a1Viva mi Ciudad!<\/p>\n<p><iframe class=\"video\" src=\"https:\/\/www.youtube.com\/embed\/KkUWuM4OyKI?rel=0&#038;showinfo=0&#038;theme=light&#038;autoplay=1\" frameborder=\"0\" allowfullscreen><\/iframe><\/p>\n<p>Autor: Natalia Lafourcade \/ Gustavo Guerrero<br \/>\nEditora: Universal Music Publishing Group<\/p>\n","protected":false},"excerpt":{"rendered":"<p>Mi Ciudad de M\u00e9xico Con todo el alma Te vengo a cantar! Mexicana hermosa Ciudad consentida No te apagues nunca Que siga la vida Que tu noche se cubre de estrellas De alegr\u00edas y viejas leyendas No te pongas triste Que te cuide el cielo Que esta noche eterna Te viene a cantar tu pueblo [&hellip;]<\/p>\n","protected":false},"author":1,"featured_media":0,"parent":2970,"menu_order":0,"comment_status":"closed","ping_status":"closed","template":"","meta":[],"_links":{"self":[{"href":"https:\/\/lafourcadefanclub.com\/sitio\/wp-json\/wp\/v2\/pages\/9610"}],"collection":[{"href":"https:\/\/lafourcadefanclub.com\/sitio\/wp-json\/wp\/v2\/pages"}],"about":[{"href":"https:\/\/lafourcadefanclub.com\/sitio\/wp-json\/wp\/v2\/types\/page"}],"author":[{"embeddable":true,"href":"https:\/\/lafourcadefanclub.com\/sitio\/wp-json\/wp\/v2\/users\/1"}],"replies":[{"embeddable":true,"href":"https:\/\/lafourcadefanclub.com\/sitio\/wp-json\/wp\/v2\/comments?post=9610"}],"version-history":[{"count":3,"href":"https:\/\/lafourcadefanclub.com\/sitio\/wp-json\/wp\/v2\/pages\/9610\/revisions"}],"predecessor-version":[{"id":9613,"href":"https:\/\/lafourcadefanclub.com\/sitio\/wp-json\/wp\/v2\/pages\/9610\/revisions\/9613"}],"up":[{"embeddable":true,"href":"https:\/\/lafourcadefanclub.com\/sitio\/wp-json\/wp\/v2\/pages\/2970"}],"wp:attachment":[{"href":"https:\/\/lafourcadefanclub.com\/sitio\/wp-json\/wp\/v2\/media?parent=9610"}],"curies":[{"name":"wp","href":"https:\/\/api.w.org\/{rel}","templated":true}]}}