{"id":9883,"date":"2018-01-12T16:43:33","date_gmt":"2018-01-12T22:43:33","guid":{"rendered":"http:\/\/lafourcadefanclub.com\/sitio\/?page_id=9883"},"modified":"2019-08-20T17:25:26","modified_gmt":"2019-08-20T23:25:26","slug":"la-llorona","status":"publish","type":"page","link":"https:\/\/lafourcadefanclub.com\/sitio\/letras\/musas-vol-2\/la-llorona\/","title":{"rendered":"Letra: La llorona"},"content":{"rendered":"<p><a href=\"http:\/\/lafourcadefanclub.com\/sitio\/wp-content\/uploads\/2017\/06\/Musas-Vol-2.jpg\" rel=\"attachment wp-att-8987\"><img loading=\"lazy\" src=\"http:\/\/lafourcadefanclub.com\/sitio\/wp-content\/uploads\/2017\/06\/Musas-Vol-2-1024x1024.jpg\" alt=\"Vol-2-Musas\" width=\"300\" height=\"300\" class=\"size-medium wp-image-8987\" \/><\/a><\/p>\n<p>No s\u00e9 que tienen las flores llorona,<br \/>\nLas flores de un campo santo<br \/>\nNo s\u00e9 que tienen las flores llorona<br \/>\nLas flores de un campo santo<\/p>\n<p>Que cuando las mueve el viento llorona<br \/>\nParece que est\u00e1n llorando<br \/>\nQue cuando las mueve el viento llorona<br \/>\nParece que est\u00e1n llorando<\/p>\n<p>Ay de mi llorona, llorona,<br \/>\nLlorona t\u00fa eres mi chuca<br \/>\nAy de mi llorona, llorona,<br \/>\nLlorona t\u00fa eres mi chuca<\/p>\n<p>Me quitar\u00e1n de quererte llorona,<br \/>\nPero de olvidarte nunca<br \/>\nMe quitar\u00e1n de quererte llorona,<br \/>\nPero de olvidarte nunca<\/p>\n<p>A un Santo Cristo de fierro llorona,<br \/>\nMis penas le cont\u00e9 yo<br \/>\nA un Santo Cristo de fierro llorona,<br \/>\nMis penas le cont\u00e9 yo<\/p>\n<p>Cu\u00e1les no ser\u00edan mis penas llorona<br \/>\nQue el Santo Cristo llor\u00f3<br \/>\nY cu\u00e1les no ser\u00edan mis penas llorona<br \/>\nQue el Santo Cristo llor\u00f3<\/p>\n<p>Ay de m\u00ed llorona, llorona,<br \/>\nLlorona de un campo lirio<br \/>\nAy de m\u00ed llorona, llorona,<br \/>\nLlorona de un campo lirio<\/p>\n<p>El que no sabe de amores llorona<br \/>\nNo sabe lo que es martirio<br \/>\nEl que no sabe de amores llorona<br \/>\nNo sabe lo que es martirio<\/p>\n<p>Todos me dicen el negro llorona<br \/>\nNegro, pero cari\u00f1oso<br \/>\nTodos me dicen el negro llorona<br \/>\nNegro, pero cari\u00f1oso<\/p>\n<p>Yo soy como el chile verde llorona<br \/>\nPicante, pero sabroso<br \/>\nYo soy como el chile verde llorona<br \/>\nPicante, pero sabroso<\/p>\n<p>Ay de m\u00ed llorona, llorona,<br \/>\nLlorona ll\u00e9vame al r\u00edo<br \/>\nAy de m\u00ed llorona, llorona,<br \/>\nLlorona ll\u00e9vame al r\u00edo<\/p>\n<p>T\u00e1pame con tu reboso llorona<br \/>\nPorque me muero de fr\u00edo<br \/>\nT\u00e1pame con tu reboso llorona<br \/>\nPorque me muero de fr\u00edo<\/p>\n<p>Si porque te quiero, quieres llorona,<br \/>\n\u00bfQuieres que te quiera m\u00e1s?<br \/>\nSi porque te quiero, quieres llorona,<br \/>\n\u00bfQuieres que te quiera m\u00e1s?<\/p>\n<p>Si ya te he dado la vida llorona,<br \/>\n\u00bfQu\u00e9 m\u00e1s quieres?, \u00bfquieres m\u00e1s?<br \/>\nSi ya te he dado la vida llorona,<br \/>\n\u00bfQu\u00e9 m\u00e1s quieres?, \u00bfquieres m\u00e1s?<\/p>\n<p>\u00a1Ay de m\u00ed, ay de m\u00ed, ay de m\u00ed llorona!<br \/>\n\u00a1Ay de m\u00ed, ay de m\u00ed, ay de m\u00ed llorona!<br \/>\n\u00a1Ay ay ay ay ay!<\/p>\n<p><iframe class=\"video\" src=\"https:\/\/www.youtube.com\/embed\/Pz1w-HNglAU?rel=0&#038;showinfo=0&#038;theme=light&#038;autoplay=1\" frameborder=\"0\" allowfullscreen><\/iframe><\/p>\n<p>Autor: Tradicional<br \/>\nEditora: Peermusic Publishing *<br \/>\nDirecci\u00f3n\/Realizaci\u00f3n: Gustavo Guerrero \/ Cheche Alara<\/p>\n<p>Natalia Lafourcade: Voz y Efectos.<br \/>\nJuan Carlos Allende: Guitarra cl\u00e1sica.<br \/>\nMiguel Pe\u00f1a: Guitarra cl\u00e1sica.<br \/>\nGustavo Guerrero: Vihuela y Efectos.<\/p>\n<p><a href=\"http:\/\/lafourcadefanclub.com\/sitio\/letras\/musas-vol-2\/\" title=\"Letras de ''MUSAS: Vol. 2''\"><< Regresar a Letras de ''MUSAS: Vol. 2''<\/a><\/p>\n","protected":false},"excerpt":{"rendered":"<p>No s\u00e9 que tienen las flores llorona, Las flores de un campo santo No s\u00e9 que tienen las flores llorona Las flores de un campo santo Que cuando las mueve el viento llorona Parece que est\u00e1n llorando Que cuando las mueve el viento llorona Parece que est\u00e1n llorando Ay de mi llorona, llorona, Llorona t\u00fa [&hellip;]<\/p>\n","protected":false},"author":1,"featured_media":9970,"parent":8986,"menu_order":0,"comment_status":"closed","ping_status":"closed","template":"","meta":[],"_links":{"self":[{"href":"https:\/\/lafourcadefanclub.com\/sitio\/wp-json\/wp\/v2\/pages\/9883"}],"collection":[{"href":"https:\/\/lafourcadefanclub.com\/sitio\/wp-json\/wp\/v2\/pages"}],"about":[{"href":"https:\/\/lafourcadefanclub.com\/sitio\/wp-json\/wp\/v2\/types\/page"}],"author":[{"embeddable":true,"href":"https:\/\/lafourcadefanclub.com\/sitio\/wp-json\/wp\/v2\/users\/1"}],"replies":[{"embeddable":true,"href":"https:\/\/lafourcadefanclub.com\/sitio\/wp-json\/wp\/v2\/comments?post=9883"}],"version-history":[{"count":4,"href":"https:\/\/lafourcadefanclub.com\/sitio\/wp-json\/wp\/v2\/pages\/9883\/revisions"}],"predecessor-version":[{"id":10510,"href":"https:\/\/lafourcadefanclub.com\/sitio\/wp-json\/wp\/v2\/pages\/9883\/revisions\/10510"}],"up":[{"embeddable":true,"href":"https:\/\/lafourcadefanclub.com\/sitio\/wp-json\/wp\/v2\/pages\/8986"}],"wp:featuredmedia":[{"embeddable":true,"href":"https:\/\/lafourcadefanclub.com\/sitio\/wp-json\/wp\/v2\/media\/9970"}],"wp:attachment":[{"href":"https:\/\/lafourcadefanclub.com\/sitio\/wp-json\/wp\/v2\/media?parent=9883"}],"curies":[{"name":"wp","href":"https:\/\/api.w.org\/{rel}","templated":true}]}}