{"id":9896,"date":"2018-01-15T13:22:08","date_gmt":"2018-01-15T19:22:08","guid":{"rendered":"http:\/\/lafourcadefanclub.com\/sitio\/?page_id=9896"},"modified":"2018-01-15T13:23:16","modified_gmt":"2018-01-15T19:23:16","slug":"lo-esencial-super-exitos-2017","status":"publish","type":"page","link":"https:\/\/lafourcadefanclub.com\/sitio\/discografia\/compilaciones\/lo-esencial-super-exitos-2017\/","title":{"rendered":"Lo esencial de Super \u00e9xitos (2017)"},"content":{"rendered":"<p><a href=\"http:\/\/lafourcadefanclub.com\/sitio\/wp-content\/uploads\/2018\/01\/Lo-esencial-de-Super-exitos-2017.jpg\" rel=\"attachment wp-att-8612\"><img loading=\"lazy\" src=\"http:\/\/lafourcadefanclub.com\/sitio\/wp-content\/uploads\/2018\/01\/Lo-esencial-de-Super-exitos-2017-1024x1024.jpg\" alt=\"Lo esencial de Super exitos (2017)\" width=\"300\" height=\"300\" class=\"size-medium wp-image-8612\" \/><\/a><\/p>\n<p>\u00c1lbum: Lo esencial de Super \u00e9xitos<br \/>\nDisquera: Sony Music Entertainment M\u00e9xico, S.A. de C.V.<br \/>\nFormato: 2 CD + DVD<br \/>\nEAN: 190758101521<br \/>\nLanzamiento: 2017<br \/>\nPa\u00eds: M\u00e9xico<\/p>\n<p>CD 1<br \/>\n19. Natalia Lafourcade &#038; Los Macorinos \u2013 T\u00fa s\u00ed sabes quererme [Original Version]<\/p>\n<p>DVD<br \/>\n33. Natalia Lafourcade &#038; Los Macorinos \u2013 T\u00fa s\u00ed sabes quererme [Video Version]<\/p>\n","protected":false},"excerpt":{"rendered":"<p>\u00c1lbum: Lo esencial de Super \u00e9xitos Disquera: Sony Music Entertainment M\u00e9xico, S.A. de C.V. Formato: 2 CD + DVD EAN: 190758101521 Lanzamiento: 2017 Pa\u00eds: M\u00e9xico CD 1 19. Natalia Lafourcade &#038; Los Macorinos \u2013 T\u00fa s\u00ed sabes quererme [Original Version] DVD 33. Natalia Lafourcade &#038; Los Macorinos \u2013 T\u00fa s\u00ed sabes quererme [Video Version]<\/p>\n","protected":false},"author":1,"featured_media":9897,"parent":7264,"menu_order":0,"comment_status":"closed","ping_status":"closed","template":"","meta":[],"_links":{"self":[{"href":"https:\/\/lafourcadefanclub.com\/sitio\/wp-json\/wp\/v2\/pages\/9896"}],"collection":[{"href":"https:\/\/lafourcadefanclub.com\/sitio\/wp-json\/wp\/v2\/pages"}],"about":[{"href":"https:\/\/lafourcadefanclub.com\/sitio\/wp-json\/wp\/v2\/types\/page"}],"author":[{"embeddable":true,"href":"https:\/\/lafourcadefanclub.com\/sitio\/wp-json\/wp\/v2\/users\/1"}],"replies":[{"embeddable":true,"href":"https:\/\/lafourcadefanclub.com\/sitio\/wp-json\/wp\/v2\/comments?post=9896"}],"version-history":[{"count":2,"href":"https:\/\/lafourcadefanclub.com\/sitio\/wp-json\/wp\/v2\/pages\/9896\/revisions"}],"predecessor-version":[{"id":9899,"href":"https:\/\/lafourcadefanclub.com\/sitio\/wp-json\/wp\/v2\/pages\/9896\/revisions\/9899"}],"up":[{"embeddable":true,"href":"https:\/\/lafourcadefanclub.com\/sitio\/wp-json\/wp\/v2\/pages\/7264"}],"wp:featuredmedia":[{"embeddable":true,"href":"https:\/\/lafourcadefanclub.com\/sitio\/wp-json\/wp\/v2\/media\/9897"}],"wp:attachment":[{"href":"https:\/\/lafourcadefanclub.com\/sitio\/wp-json\/wp\/v2\/media?parent=9896"}],"curies":[{"name":"wp","href":"https:\/\/api.w.org\/{rel}","templated":true}]}}